{"id":6732,"date":"2024-03-22T19:46:58","date_gmt":"2024-03-22T19:46:58","guid":{"rendered":"https:\/\/taktikon.com\/hotellteknik\/"},"modified":"2025-03-24T11:03:10","modified_gmt":"2025-03-24T11:03:10","slug":"hotel-technology","status":"publish","type":"page","link":"https:\/\/taktikon.com\/sv\/hotel-technology\/","title":{"rendered":"Hotellteknik"},"content":{"rendered":"<section id=\"section-279-47\" class=\"oxy-video-background ct-section\" ><div class='oxy-video-container'><video autoplay loop playsinline muted><source src='https:\/\/taktikon.com\/wp-content\/uploads\/2024\/09\/Page-distribution.mp4'><\/video><div class='oxy-video-overlay'><\/div><\/div><div class=\"ct-section-inner-wrap\"><div id=\"div_block-285-47\" class=\"ct-div-block\" ><h1 id=\"headline-13-47\" class=\"ct-headline hyperion-heading-two\">Hotellteknik<br><\/h1><\/div><\/div><\/section><section id=\"section-612-47\" class=\" ct-section\" style=\"background-image:url(https:\/\/taktikon.com\/wp-content\/uploads\/2024\/06\/ceno_textil.jpg);background-size: cover;\" ><div class=\"ct-section-inner-wrap\"><div id=\"div_block-614-47\" class=\"ct-div-block\" ><\/div><h1 id=\"headline-616-47\" class=\"ct-headline\">Taktikon: Leading Revenue Management Consultants for the Hospitality Industry.<\/h1><\/div><\/section><section id=\"section-621-47\" class=\" ct-section\" ><div class=\"ct-section-inner-wrap\"><div id=\"div_block-622-47\" class=\"ct-div-block\" ><h2 id=\"headline-624-47\" class=\"ct-headline\">Byta PMS eller CRS?<br><\/h2><\/div><div id=\"div_block-623-47\" class=\"ct-div-block\" ><div id=\"_rich_text-626-47\" class=\"oxy-rich-text\" ><div class=\"c-text__inner\">\n<div class=\"c-text__lead\">\n<div class=\"c-reveal c-reveal--slide-rotate-up is-revealed intersection-state-enter-any intersection-state-enter-full intersection-state-enter-any-bottom intersection-state-enter-full-bottom\" data-fn-animate=\"\" data-fn-animate-init-add=\"is-revealed\" data-fn-animate-enter-any-add=\"is-revealed\" data-fn-animate-initiated=\"true\">\n<div class=\"c-reveal__inner\">\n<div class=\"c-prose max-w-none\">\n<div class=\"flex flex-grow flex-col gap-3 max-w-full\">\n<div class=\"min-h-[20px] flex flex-col items-start gap-3 whitespace-pre-wrap break-words overflow-x-auto\">\n<div class=\"markdown prose w-full break-words dark:prose-invert light\">\n<p>\u00c4r du i behov av en ny l\u00f6sning f\u00f6r ditt Property Management System (PMS) eller \u00f6verv\u00e4ger du att byta leverant\u00f6r av ditt Central Reservation System (CRS)?<\/p>\n<p>P\u00e5 Taktikon har vi l\u00e5ng erfarenhet av hotellteknik och \u00e4r v\u00e4l insatta i utmaningarna och m\u00f6jligheterna inom branschen. Vi \u00e4r h\u00e4r f\u00f6r att vara din p\u00e5litliga partner och guide genom den komplexa v\u00e4rlden av teknikleverant\u00f6rer, l\u00f6sningar och plattformar.<\/p>\n<p>Vi arbetar dagligen med de flesta PMS-system, vilket ger oss stor erfarenhet av anv\u00e4ndarv\u00e4nlighet och tekniska l\u00f6sningar samt hur dessa fungerar i praktiken. Vi l\u00e4gger stor vikt vid effektiv systemhantering och kostnadseffektivitet. V\u00e5rt m\u00e5l \u00e4r att hj\u00e4lpa dig att hitta den b\u00e4sta tekniska l\u00f6sningen som uppfyller dina specifika behov och gynnar din anl\u00e4ggning p\u00e5 b\u00e4sta m\u00f6jliga s\u00e4tt. Vi finns h\u00e4r f\u00f6r att hj\u00e4lpa dig att fatta r\u00e4tt beslut. Kontakta oss idag, s\u00e5 kan vi b\u00f6rja arbeta tillsammans f\u00f6r att hitta det optimala systemet.<\/p>\n<\/div>\n<\/div>\n<\/div>\n<\/div>\n<\/div>\n<\/div>\n<\/div>\n<\/div><\/div><\/div><\/div><\/section><section id=\"section-670-50\" class=\" ct-section\" style=\"background-image:url(https:\/\/taktikon.com\/wp-content\/uploads\/2024\/07\/Road-scaled.jpg);background-size: cover;\" ><div class=\"ct-section-inner-wrap\"><div id=\"div_block-671-50\" class=\"ct-div-block\" ><h2 id=\"headline-672-50\" class=\"ct-headline\"> PMS\/CRS Audit<\/h2><div id=\"text_block-673-50\" class=\"ct-text-block\" >Vi \u00e4r din p\u00e5litliga partner som ser till att ditt f\u00f6retag \u00e4r p\u00e5 r\u00e4tt v\u00e4g med sin operativa plattform eller distributionsanslutning.<br>V\u00e5r CRS\/PMS-granskning ger en v\u00e4rdefull grund f\u00f6r att definiera ditt f\u00f6retags strategiska inriktning n\u00e4r det g\u00e4ller valet av operativa plattformar eller distributionssystem.<br><\/div><a id=\"link-674-50\" class=\"ct-link oxel_icon_button__container\" href=\"https:\/\/taktikon.com\/sv\/contact-us\/\" target=\"_self\"   role=\"button\"><div id=\"text_block-675-50\" class=\"ct-text-block oxel_icon_button_text\" >Kontakta oss<br><\/div><\/a><\/div><\/div><\/section>","protected":false},"excerpt":{"rendered":"","protected":false},"author":1,"featured_media":0,"parent":0,"menu_order":0,"comment_status":"closed","ping_status":"closed","template":"","meta":{"_acf_changed":false,"advgb_blocks_editor_width":"","advgb_blocks_columns_visual_guide":"","footnotes":""},"class_list":["post-6732","page","type-page","status-publish","hentry"],"acf":[],"coauthors":[],"author_meta":{"author_link":"https:\/\/taktikon.com\/sv\/author\/basvt\/","display_name":"basvt"},"relative_dates":{"created":"Publicerad 2 \u00e5r sedan","modified":"Uppdaterad 1 \u00e5r sedan"},"absolute_dates":{"created":"Publicerat den 22 mars 2024","modified":"Uppdaterad den 24 mars 2025"},"absolute_dates_time":{"created":"Publicerat den 22 mars 2024 19:46","modified":"Uppdaterad den 24 mars 2025 11:03"},"featured_img_caption":"","featured_img":false,"series_order":"","_links":{"self":[{"href":"https:\/\/taktikon.com\/sv\/wp-json\/wp\/v2\/pages\/6732","targetHints":{"allow":["GET"]}}],"collection":[{"href":"https:\/\/taktikon.com\/sv\/wp-json\/wp\/v2\/pages"}],"about":[{"href":"https:\/\/taktikon.com\/sv\/wp-json\/wp\/v2\/types\/page"}],"author":[{"embeddable":true,"href":"https:\/\/taktikon.com\/sv\/wp-json\/wp\/v2\/users\/1"}],"replies":[{"embeddable":true,"href":"https:\/\/taktikon.com\/sv\/wp-json\/wp\/v2\/comments?post=6732"}],"version-history":[{"count":3,"href":"https:\/\/taktikon.com\/sv\/wp-json\/wp\/v2\/pages\/6732\/revisions"}],"predecessor-version":[{"id":6883,"href":"https:\/\/taktikon.com\/sv\/wp-json\/wp\/v2\/pages\/6732\/revisions\/6883"}],"wp:attachment":[{"href":"https:\/\/taktikon.com\/sv\/wp-json\/wp\/v2\/media?parent=6732"}],"curies":[{"name":"wp","href":"https:\/\/api.w.org\/{rel}","templated":true}]}}