{"id":6734,"date":"2024-03-22T19:46:36","date_gmt":"2024-03-22T19:46:36","guid":{"rendered":"https:\/\/taktikon.com\/distribution\/"},"modified":"2025-03-24T11:05:09","modified_gmt":"2025-03-24T11:05:09","slug":"distribution","status":"publish","type":"page","link":"https:\/\/taktikon.com\/sv\/distribution\/","title":{"rendered":"Distribution"},"content":{"rendered":"<section id=\"section-279-47\" class=\"oxy-video-background ct-section\" ><div class='oxy-video-container'><video autoplay loop playsinline muted><source src='https:\/\/taktikon.com\/wp-content\/uploads\/2024\/09\/Taktikon-hotel-distribution-experts.mp4'><\/video><div class='oxy-video-overlay'><\/div><\/div><div class=\"ct-section-inner-wrap\"><div id=\"div_block-285-47\" class=\"ct-div-block\" ><h1 id=\"headline-13-47\" class=\"ct-headline hyperion-heading-two\">Distribution<br><\/h1><\/div><\/div><\/section><section id=\"section-621-47\" class=\" ct-section\" ><div class=\"ct-section-inner-wrap\"><div id=\"div_block-622-47\" class=\"ct-div-block\" ><h2 id=\"headline-624-47\" class=\"ct-headline\">Taktikon: Din p\u00e5litliga partner inom distribution f\u00f6r hotell och restaurang<\/h2><\/div><div id=\"div_block-623-47\" class=\"ct-div-block\" ><div id=\"_rich_text-626-47\" class=\"oxy-rich-text\" ><div class=\"c-text__inner\">\n<div class=\"c-text__lead\">\n<div class=\"c-reveal c-reveal--slide-rotate-up is-revealed intersection-state-enter-any intersection-state-enter-full intersection-state-enter-any-bottom intersection-state-enter-full-bottom\" data-fn-animate=\"\" data-fn-animate-init-add=\"is-revealed\" data-fn-animate-enter-any-add=\"is-revealed\" data-fn-animate-initiated=\"true\">\n<div class=\"c-reveal__inner\">\n<div class=\"c-prose max-w-none\">\n<p>P\u00e5 Taktikon \u00e4r vi experter p\u00e5 distributionsl\u00f6sningar f\u00f6r hotell- och restaurangbranschen. Med decennier av erfarenhet har vi blivit en p\u00e5litlig partner som levererar skr\u00e4ddarsydda strategier f\u00f6r att optimera distribution, minska kostnader och driva int\u00e4ktstillv\u00e4xt.<\/p>\n<p>V\u00e5rt uppdrag \u00e4r tydligt: vi vill se v\u00e5ra kunder lyckas. Vi erbjuder anpassade l\u00f6sningar som adresserar specifika aff\u00e4rsutmaningar, d\u00e4r kundn\u00f6jdhet och expertis alltid \u00e4r i fokus.<\/p>\n<p>Oavsett om din verksamhet \u00e4r nystartad eller v\u00e4letablerad st\u00e5r Taktikon redo att hj\u00e4lpa dig att n\u00e5 dina distributionsm\u00e5l. Samarbeta med oss f\u00f6r att utveckla din verksamhet och skapa nya m\u00f6jligheter inom hotell- och restaurangbranschen.<\/p>\n<\/div>\n<\/div>\n<\/div>\n<\/div>\n<\/div><\/div><\/div><\/div><\/section><section id=\"section-612-47\" class=\" ct-section\" style=\"background-image:url(https:\/\/taktikon.com\/wp-content\/uploads\/2024\/06\/ceno_textil.jpg);background-size: cover;\" ><div class=\"ct-section-inner-wrap\"><div id=\"div_block-614-47\" class=\"ct-div-block\" ><\/div><h1 id=\"headline-616-47\" class=\"ct-headline\">Taktikon: Leading Revenue Management Consultants for the Hospitality Industry.<\/h1><\/div><\/section><section id=\"section-598-47\" class=\" ct-section\" style=\"background-image:linear-gradient(rgba(0,0,0,0.23), rgba(0,0,0,0.23)), url(https:\/\/taktikon.com\/wp-content\/uploads\/2024\/07\/compass.jpg);background-size:auto,  cover;\" ><div class=\"ct-section-inner-wrap\"><div id=\"div_block-599-47\" class=\"ct-div-block\" ><h2 id=\"headline-602-47\" class=\"ct-headline\">Letar du efter distributionsexperter som kan hantera din distributionskedja?<\/h2><div id=\"text_block-600-47\" class=\"ct-text-block\" >Att outsourca distribution \u00e4r ett kostnadseffektivt alternativ till att anst\u00e4lla en Revenue Manager p\u00e5 heltid. Genom oss f\u00e5r du direkt tillg\u00e5ng till distributionsspecialister som smidigt blir en del av ditt kommersiella team, med tj\u00e4nster som prishantering och \u00f6vervakning av din e-handelsplattform, inklusive webbplatsen.<\/div><a id=\"link-606-47\" class=\"ct-link oxel_icon_button__container\" href=\"https:\/\/taktikon.com\/sv\/request-a-quote\/\"    role=\"button\"><div id=\"text_block-608-47\" class=\"ct-text-block oxel_icon_button_text\" >Beg\u00e4r en offert<br><\/div><\/a><\/div><\/div><\/section><section id=\"section-687-47\" class=\" ct-section\" ><div class=\"ct-section-inner-wrap\"><div id=\"div_block-688-47\" class=\"ct-div-block\" ><h2 id=\"headline-689-47\" class=\"ct-headline\">Systemrevision<\/h2><\/div><div id=\"div_block-690-47\" class=\"ct-div-block\" ><div id=\"_rich_text-691-47\" class=\"oxy-rich-text\" ><div class=\"c-text__inner\">\n<div class=\"c-text__lead\">\n<div class=\"c-reveal c-reveal--slide-rotate-up is-revealed intersection-state-enter-any intersection-state-enter-full intersection-state-enter-any-bottom intersection-state-enter-full-bottom\" data-fn-animate=\"\" data-fn-animate-init-add=\"is-revealed\" data-fn-animate-enter-any-add=\"is-revealed\" data-fn-animate-initiated=\"true\">\n<div class=\"c-reveal__inner\">\n<div class=\"c-prose max-w-none\">\n<p>Taktikon erbjuder omfattande systemrevisioner som ger en djupg\u00e5ende rapport som beskriver viktiga teknikkomponenter f\u00f6r f\u00f6rb\u00e4ttrad vinstoptimering. <a href=\"https:\/\/taktikon.com\/sv\/contact-us\/\">Kontakta oss h\u00e4r<\/a><\/p>\n<\/div>\n<\/div>\n<\/div>\n<\/div>\n<\/div><\/div><\/div><\/div><\/section><section id=\"section-692-6734\" class=\" ct-section\" style=\"background-image:linear-gradient(rgba(0,0,0,0.23), rgba(0,0,0,0.23)), url(https:\/\/taktikon.com\/wp-content\/uploads\/2024\/03\/Bild-till-hemidan-940-\u00d7-788-px-9.webp);background-size:auto,  cover;\" ><div class=\"ct-section-inner-wrap\"><div id=\"div_block-693-6734\" class=\"ct-div-block\" ><h2 id=\"headline-694-6734\" class=\"ct-headline\">F\u00f6retag av alla storlekar<\/h2><div id=\"text_block-695-6734\" class=\"ct-text-block\" >Oavsett om du driver ett litet hotell, en resort, en campingplats eller en stor hotellkedja, kan Revenue Management \u2013 inklusive dynamisk priss\u00e4ttning \u2013 vara nyckeln till att frig\u00f6ra din fulla potential. Vi arbetar n\u00e4ra dig genom hela processen och till\u00e4mpar strategier f\u00f6r dynamisk priss\u00e4ttning som anpassas efter efterfr\u00e5gan, s\u00e4song och marknadsf\u00f6rh\u00e5llanden. M\u00e5let \u00e4r att  aktivt \u00f6ka b\u00e5de dina int\u00e4kter och din bel\u00e4ggning. Du kommer att ha en dedikerad kontaktperson som uppr\u00e4tth\u00e5ller n\u00e4ra kommunikation med dig och ser till att du h\u00e5lls uppdaterad om din anl\u00e4ggnings prestanda och resultat.<\/div><a id=\"link-696-6734\" class=\"ct-link oxel_icon_button__container\" href=\"https:\/\/taktikon.com\/sv\/request-a-quote\/\"    role=\"button\"><div id=\"text_block-697-6734\" class=\"ct-text-block oxel_icon_button_text\" >Beg\u00e4r en offert<br><\/div><\/a><\/div><\/div><\/section>","protected":false},"excerpt":{"rendered":"","protected":false},"author":1,"featured_media":0,"parent":0,"menu_order":0,"comment_status":"closed","ping_status":"closed","template":"","meta":{"_acf_changed":false,"advgb_blocks_editor_width":"","advgb_blocks_columns_visual_guide":"","footnotes":""},"class_list":["post-6734","page","type-page","status-publish","hentry"],"acf":[],"coauthors":[],"author_meta":{"author_link":"https:\/\/taktikon.com\/sv\/author\/basvt\/","display_name":"basvt"},"relative_dates":{"created":"Publicerad 2 \u00e5r sedan","modified":"Uppdaterad 1 \u00e5r sedan"},"absolute_dates":{"created":"Publicerat den 22 mars 2024","modified":"Uppdaterad den 24 mars 2025"},"absolute_dates_time":{"created":"Publicerat den 22 mars 2024 19:46","modified":"Uppdaterad den 24 mars 2025 11:05"},"featured_img_caption":"","featured_img":false,"series_order":"","_links":{"self":[{"href":"https:\/\/taktikon.com\/sv\/wp-json\/wp\/v2\/pages\/6734","targetHints":{"allow":["GET"]}}],"collection":[{"href":"https:\/\/taktikon.com\/sv\/wp-json\/wp\/v2\/pages"}],"about":[{"href":"https:\/\/taktikon.com\/sv\/wp-json\/wp\/v2\/types\/page"}],"author":[{"embeddable":true,"href":"https:\/\/taktikon.com\/sv\/wp-json\/wp\/v2\/users\/1"}],"replies":[{"embeddable":true,"href":"https:\/\/taktikon.com\/sv\/wp-json\/wp\/v2\/comments?post=6734"}],"version-history":[{"count":2,"href":"https:\/\/taktikon.com\/sv\/wp-json\/wp\/v2\/pages\/6734\/revisions"}],"predecessor-version":[{"id":6874,"href":"https:\/\/taktikon.com\/sv\/wp-json\/wp\/v2\/pages\/6734\/revisions\/6874"}],"wp:attachment":[{"href":"https:\/\/taktikon.com\/sv\/wp-json\/wp\/v2\/media?parent=6734"}],"curies":[{"name":"wp","href":"https:\/\/api.w.org\/{rel}","templated":true}]}}