{"id":6743,"date":"2024-06-18T11:43:34","date_gmt":"2024-06-18T11:43:34","guid":{"rendered":"https:\/\/taktikon.com\/mentorskap\/"},"modified":"2025-03-24T10:43:17","modified_gmt":"2025-03-24T10:43:17","slug":"mentorship","status":"publish","type":"page","link":"https:\/\/taktikon.com\/sv\/mentorship\/","title":{"rendered":"Mentorskap"},"content":{"rendered":"<section id=\"section-279-47\" class=\" ct-section\" style=\"background-image:url(https:\/\/taktikon.com\/wp-content\/uploads\/2024\/09\/sky-1.jpg);background-size: cover;\" ><div class=\"ct-section-inner-wrap\"><div id=\"div_block-285-47\" class=\"ct-div-block\" ><h1 id=\"headline-13-47\" class=\"ct-headline hyperion-heading-two\">Mentorskap<br><\/h1><\/div><\/div><\/section><section id=\"section-621-47\" class=\" ct-section\" ><div class=\"ct-section-inner-wrap\"><div id=\"div_block-622-47\" class=\"ct-div-block\" ><h2 id=\"headline-624-47\" class=\"ct-headline\">Mentorskap inom Revenue Management<\/h2><\/div><div id=\"div_block-623-47\" class=\"ct-div-block\" ><div id=\"_rich_text-626-47\" class=\"oxy-rich-text\" ><div class=\"c-text__inner\">\n<div class=\"c-text__lead\">\n<div class=\"c-reveal c-reveal--slide-rotate-up is-revealed intersection-state-enter-any intersection-state-enter-full intersection-state-enter-any-bottom intersection-state-enter-full-bottom\" data-fn-animate=\"\" data-fn-animate-init-add=\"is-revealed\" data-fn-animate-enter-any-add=\"is-revealed\" data-fn-animate-initiated=\"true\">\n<div class=\"c-reveal__inner\">\n<div class=\"c-prose max-w-none\">\n<p>Beh\u00f6ver du hj\u00e4lp med att utveckla din roll som Revenue Manager eller f\u00f6rdjupa dina kunskaper inom Revenue Management?<\/p>\n<p>Taktikon erbjuder ett skr\u00e4ddarsytt mentorskapsprogram anpassat efter dina individuella behov och f\u00f6ruts\u00e4ttningar inom Revenue Management. T\u00e4nk p\u00e5 det som ett p\u00e5litligt st\u00f6dsystem som hj\u00e4lper dig att uppn\u00e5 \u00f6nskade resultat, l\u00f6sa utmaningar och optimera int\u00e4kterna.<\/p>\n<p><a href=\"https:\/\/taktikon.com\/sv\/contact-us\/\">Kontakta oss f\u00f6r h\u00e4r<\/a> f\u00f6r mer information.<\/p>\n<\/div>\n<\/div>\n<\/div>\n<\/div>\n<\/div><\/div><\/div><\/div><\/section><section id=\"section-627-95\" class=\" ct-section\" style=\"background-image:url(https:\/\/taktikon.com\/wp-content\/uploads\/2024\/09\/head.jpg);background-size: cover;\" ><div class=\"ct-section-inner-wrap\"><div id=\"div_block-628-95\" class=\"ct-div-block\" ><h2 id=\"headline-629-95\" class=\"ct-headline\">Mentorskapsprogrammet \u00e4r ett effektivt s\u00e4tt att f\u00e5 r\u00e5d och v\u00e4gledning under arbetsdagen.<\/h2><div id=\"text_block-630-95\" class=\"ct-text-block\" >Oavsett om du beh\u00f6ver hj\u00e4lp med att v\u00e4lja de b\u00e4sta verktygen, m\u00e4ta framg\u00e5ng eller planera och prioritera dina uppgifter kan vi hj\u00e4lpa dig med praktiska Revenue Management-strategier. En av v\u00e5ra Revenue Management-experter finns tillg\u00e4nglig via e-post eller telefon och kan bokas in f\u00f6r regelbundna personliga m\u00f6ten. Ett mentorskapsprogram spelar ocks\u00e5 en viktig roll f\u00f6r att skapa en solid grund f\u00f6r att smidigt hantera personal\u00f6verg\u00e5ngar och andra organisatoriska f\u00f6r\u00e4ndringar.<\/div><a id=\"link-631-95\" class=\"ct-link oxel_icon_button__container\" href=\"https:\/\/taktikon.com\/sv\/contact-us\/\"    role=\"button\"><div id=\"text_block-632-95\" class=\"ct-text-block oxel_icon_button_text\" >Kontakta oss<br><\/div><\/a><\/div><\/div><\/section>","protected":false},"excerpt":{"rendered":"","protected":false},"author":1,"featured_media":0,"parent":0,"menu_order":0,"comment_status":"closed","ping_status":"closed","template":"","meta":{"_acf_changed":false,"advgb_blocks_editor_width":"","advgb_blocks_columns_visual_guide":"","footnotes":""},"class_list":["post-6743","page","type-page","status-publish","hentry"],"acf":[],"coauthors":[],"author_meta":{"author_link":"https:\/\/taktikon.com\/sv\/author\/basvt\/","display_name":"basvt"},"relative_dates":{"created":"Publicerad 2 \u00e5r sedan","modified":"Uppdaterad 1 \u00e5r sedan"},"absolute_dates":{"created":"Publicerat den 18 juni 2024","modified":"Uppdaterad den 24 mars 2025"},"absolute_dates_time":{"created":"Publicerat den 18 juni 2024 11:43","modified":"Uppdaterad den 24 mars 2025 10:43"},"featured_img_caption":"","featured_img":false,"series_order":"","_links":{"self":[{"href":"https:\/\/taktikon.com\/sv\/wp-json\/wp\/v2\/pages\/6743","targetHints":{"allow":["GET"]}}],"collection":[{"href":"https:\/\/taktikon.com\/sv\/wp-json\/wp\/v2\/pages"}],"about":[{"href":"https:\/\/taktikon.com\/sv\/wp-json\/wp\/v2\/types\/page"}],"author":[{"embeddable":true,"href":"https:\/\/taktikon.com\/sv\/wp-json\/wp\/v2\/users\/1"}],"replies":[{"embeddable":true,"href":"https:\/\/taktikon.com\/sv\/wp-json\/wp\/v2\/comments?post=6743"}],"version-history":[{"count":3,"href":"https:\/\/taktikon.com\/sv\/wp-json\/wp\/v2\/pages\/6743\/revisions"}],"predecessor-version":[{"id":6897,"href":"https:\/\/taktikon.com\/sv\/wp-json\/wp\/v2\/pages\/6743\/revisions\/6897"}],"wp:attachment":[{"href":"https:\/\/taktikon.com\/sv\/wp-json\/wp\/v2\/media?parent=6743"}],"curies":[{"name":"wp","href":"https:\/\/api.w.org\/{rel}","templated":true}]}}