{"id":6759,"date":"2024-03-18T12:03:53","date_gmt":"2024-03-18T10:03:53","guid":{"rendered":"https:\/\/taktikon.com\/hem\/"},"modified":"2025-03-24T11:22:49","modified_gmt":"2025-03-24T11:22:49","slug":"home","status":"publish","type":"page","link":"https:\/\/taktikon.com\/sv\/","title":{"rendered":"Hem"},"content":{"rendered":"<section id=\"section-30-15\" class=\"oxy-video-background ct-section\" ><div class='oxy-video-container'><video autoplay loop playsinline muted><source src='https:\/\/taktikon.com\/wp-content\/uploads\/2024\/09\/Taktikon-Consultancy.mp4'><\/video><div class='oxy-video-overlay'><\/div><\/div><div class=\"ct-section-inner-wrap\"><div id=\"div_block-35-15\" class=\"ct-div-block\" ><div id=\"div_block-43-15\" class=\"ct-div-block\" ><div id=\"text_block-44-15\" class=\"ct-text-block\" >Outsourcing<br><\/div><div id=\"text_block-45-15\" class=\"ct-text-block\" >Taktikon Revenue Management och Marknadsf\u00f6rings outsourcing optimerar dina int\u00e4kter och \u00f6kar din vinst.<br><\/div><div id=\"div_block-61-15\" class=\"ct-div-block\" ><a id=\"link-199-15\" class=\"ct-link oxel_icon_button__container\" href=\"https:\/\/taktikon.com\/sv\/revenue-outsourcing\/\"    role=\"button\"><div id=\"text_block-201-15\" class=\"ct-text-block oxel_icon_button_text\" >L\u00e4s mer<\/div><div id=\"fancy_icon-200-15\" class=\"ct-fancy-icon oxel_icon_button_icon\" ><svg id=\"svg-fancy_icon-200-15\"><use xlink:href=\"#Lineariconsicon-arrow-right\"><\/use><\/svg><\/div><\/a><\/div><\/div><div id=\"div_block-421-6759\" class=\"ct-div-block\" ><div id=\"text_block-422-6759\" class=\"ct-text-block\" >Systemutredning<br><\/div><div id=\"text_block-423-6759\" class=\"ct-text-block\" >Letar du efter ett nytt system f\u00f6r din anl\u00e4ggning? Taktikon har l\u00e5ng erfarenhet och hj\u00e4lper dig att hitta det b\u00e4sta alternativet.<br><\/div><div id=\"div_block-424-6759\" class=\"ct-div-block\" ><a id=\"link-425-6759\" class=\"ct-link oxel_icon_button__container\" href=\"https:\/\/taktikon.com\/sv\/hotel-technology\/\"    role=\"button\"><div id=\"text_block-426-6759\" class=\"ct-text-block oxel_icon_button_text\" >L\u00e4s mer<\/div><div id=\"fancy_icon-427-6759\" class=\"ct-fancy-icon oxel_icon_button_icon\" ><svg id=\"svg-fancy_icon-427-6759\"><use xlink:href=\"#Lineariconsicon-arrow-right\"><\/use><\/svg><\/div><\/a><\/div><\/div><div id=\"div_block-46-15\" class=\"ct-div-block\" ><div id=\"text_block-47-15\" class=\"ct-text-block\" >V\u00e5r vision<\/div><div id=\"text_block-48-15\" class=\"ct-text-block\" >En genuin passion f\u00f6r hotellbranschen \u00e4r grunden i alla v\u00e5ra projekt och har gett oss ett rykte f\u00f6r att alltid leverera h\u00f6g kvalitet.<\/div><div id=\"div_block-57-15\" class=\"ct-div-block\" ><a id=\"link-207-15\" class=\"ct-link oxel_icon_button__container\" href=\"https:\/\/taktikon.com\/sv\/about-us\/\"    role=\"button\"><div id=\"text_block-208-15\" class=\"ct-text-block oxel_icon_button_text\" >L\u00e4s mer<\/div><div id=\"fancy_icon-209-15\" class=\"ct-fancy-icon oxel_icon_button_icon\" ><svg id=\"svg-fancy_icon-209-15\"><use xlink:href=\"#Lineariconsicon-arrow-right\"><\/use><\/svg><\/div><\/a><\/div><\/div><\/div><div id=\"fancy_icon-54-15\" class=\"ct-fancy-icon icon-animation\" ><svg id=\"svg-fancy_icon-54-15\"><use xlink:href=\"#Lineariconsicon-arrow-right\"><\/use><\/svg><\/div><div id=\"code_block-55-15\" class=\"ct-code-block\" >hello world!<\/div><\/div><\/section><section id=\"section-85-15\" class=\" ct-section\" ><div class=\"ct-section-inner-wrap\"><h1 id=\"headline-428-6759\" class=\"ct-headline\">Taktikon, det ledande f\u00f6retaget inom kommersiell hotellverksamhet<\/h1><div id=\"new_columns-100-15\" class=\"ct-new-columns\" ><div id=\"div_block-101-15\" class=\"ct-div-block agencyb-iconblock-3-column\"  data-aos=\"zoom-in\" data-aos-duration=\"3\"><h2 id=\"headline-378-15\" class=\"ct-headline agencyb-iconblock-3-title\">Revenue Management<br><\/h2><div id=\"text_block-382-15\" class=\"ct-text-block\" >Taktikon har en omfattande expertis inom Revenue Management och brinner f\u00f6r att hj\u00e4lpa hotell att \u00f6ka b\u00e5de bel\u00e4ggningen och int\u00e4kterna. Vi arbetar n\u00e4ra ditt team f\u00f6r att utveckla strategier som maximerar resultaten. Alla v\u00e5ra medarbetare \u00e4r utbildade i Revenue Management, vilket s\u00e4kerst\u00e4ller en h\u00f6gkvalitativ service f\u00f6r ditt f\u00f6retag.<br><\/div><div id=\"div_block-412-15\" class=\"ct-div-block\" ><a id=\"link-413-15\" class=\"ct-link oxel_icon_button__container\" href=\"https:\/\/taktikon.com\/sv\/revenue-management\/\"    role=\"button\"><div id=\"text_block-414-15\" class=\"ct-text-block oxel_icon_button_text\" >L\u00e4s mer&nbsp;<br><\/div><div id=\"fancy_icon-415-15\" class=\"ct-fancy-icon oxel_icon_button_icon\" ><svg id=\"svg-fancy_icon-415-15\"><use xlink:href=\"#Lineariconsicon-arrow-right\"><\/use><\/svg><\/div><\/a><\/div><\/div><div id=\"div_block-107-15\" class=\"ct-div-block agencyb-iconblock-3-column\"  data-aos=\"zoom-in\" data-aos-duration=\"3\"><h2 id=\"headline-379-15\" class=\"ct-headline agencyb-iconblock-3-title\">Marknadsf\u00f6ring<br><\/h2><div id=\"text_block-383-15\" class=\"ct-text-block\" >P\u00e5 Taktikon skapar vi skr\u00e4ddarsydda marknadsf\u00f6ringsstrategier som hj\u00e4lper dig att n\u00e5 din fulla potential och leverera exceptionella resultat. Genom att \u00f6ka synligheten f\u00f6r din egen webbplats hj\u00e4lper vi dig att attrahera fler direkta bokningar och st\u00e4rka din n\u00e4rvaro online. L\u00e5t oss f\u00f6rverkliga din vision med innovativa och anpassade l\u00f6sningar som f\u00e5r dig att sticka ut fr\u00e5n konkurrensen.<\/div><div id=\"div_block-417-15\" class=\"ct-div-block\" ><a id=\"link-418-15\" class=\"ct-link oxel_icon_button__container\" href=\"https:\/\/taktikon.com\/sv\/marketing\/\"    role=\"button\"><div id=\"text_block-419-15\" class=\"ct-text-block oxel_icon_button_text\" >L\u00e4s mer&nbsp;<br><\/div><div id=\"fancy_icon-420-15\" class=\"ct-fancy-icon oxel_icon_button_icon\" ><svg id=\"svg-fancy_icon-420-15\"><use xlink:href=\"#Lineariconsicon-arrow-right\"><\/use><\/svg><\/div><\/a><\/div><\/div><\/div><div id=\"new_columns-339-15\" class=\"ct-new-columns\" ><div id=\"div_block-340-15\" class=\"ct-div-block agencyb-iconblock-3-column\"  data-aos=\"zoom-in\" data-aos-duration=\"3\" data-aos-easing=\"ease-in\"><div id=\"div_block-352-15\" class=\"ct-div-block\" ><h2 id=\"headline-376-15\" class=\"ct-headline agencyb-iconblock-3-title\">Distribution<br><\/h2><div id=\"text_block-354-15\" class=\"ct-text-block\" >Taktikon \u00e4r en ledande akt\u00f6r inom konsultbranschen och specialiserar sig p\u00e5 distributionsl\u00f6sningar f\u00f6r hotell- och restaurangbranschen. Med \u00e5rtionden av erfarenhet och o\u00f6vertr\u00e4ffad expertis har vi f\u00f6rtj\u00e4nat v\u00e5rt rykte som en p\u00e5litlig partner. Vi hj\u00e4lper hotell att optimera sina distributionskanaler f\u00f6r att \u00f6ka synligheten och l\u00f6nsamheten. Vi \u00e4r ett p\u00e5litligt st\u00f6d inf\u00f6r varje nytt steg p\u00e5 v\u00e4gen.<\/div><div id=\"div_block-355-15\" class=\"ct-div-block\" ><a id=\"link-356-15\" class=\"ct-link oxel_icon_button__container\" href=\"https:\/\/taktikon.com\/sv\/distribution\/\"    role=\"button\"><div id=\"text_block-357-15\" class=\"ct-text-block oxel_icon_button_text\" >L\u00e4s mer<br><\/div><div id=\"fancy_icon-358-15\" class=\"ct-fancy-icon oxel_icon_button_icon\" ><svg id=\"svg-fancy_icon-358-15\"><use xlink:href=\"#Lineariconsicon-arrow-right\"><\/use><\/svg><\/div><\/a><\/div><\/div><\/div><div id=\"div_block-346-15\" class=\"ct-div-block agencyb-iconblock-3-column\"  data-aos=\"zoom-in\" data-aos-duration=\"3\" data-aos-easing=\"ease-in\"><h2 id=\"headline-347-15\" class=\"ct-headline agencyb-iconblock-3-title\">Hotellteknik<\/h2><div id=\"text_block-370-15\" class=\"ct-text-block\" >P\u00e5 Taktikon arbetar vi med ett stort antal systemleverant\u00f6rer, vilket ger oss v\u00e4rdefulla insikter i anv\u00e4ndarv\u00e4nliga gr\u00e4nssnitt, avancerade tekniska l\u00f6sningar och praktiska till\u00e4mpningar. I djungeln av leverant\u00f6rer hj\u00e4lper vi dig att hitta r\u00e4tt system som \u00e4r skr\u00e4ddarsytt f\u00f6r din anl\u00e4ggnings olika behov, vilket s\u00e4kerst\u00e4ller v\u00e4lgrundade beslut och kostnadseffektiva resultat.<br><\/div><div id=\"div_block-386-15\" class=\"ct-div-block\" ><a id=\"link-372-15\" class=\"ct-link oxel_icon_button__container\" href=\"https:\/\/taktikon.com\/sv\/revenue-outsourcing\/\"    role=\"button\"><div id=\"text_block-373-15\" class=\"ct-text-block oxel_icon_button_text\" >L\u00e4s mer&nbsp;<br><\/div><div id=\"fancy_icon-374-15\" class=\"ct-fancy-icon oxel_icon_button_icon\" ><svg id=\"svg-fancy_icon-374-15\"><use xlink:href=\"#Lineariconsicon-arrow-right\"><\/use><\/svg><\/div><\/a><\/div><\/div><\/div><\/div><\/section><section id=\"section-66-15\" class=\" ct-section\" style=\"background-image: linear-gradient(135deg, #3e1ebf, #c65151), linear-gradient(rgba(62,30,191,0.4), rgba(62,30,191,0.4)), url(https:\/\/taktikon.com\/wp-content\/uploads\/2024\/03\/Bild-till-hemidan-940-\u00d7-788-px-9.webp);background-size:auto, auto,  cover;\" ><div class=\"ct-section-inner-wrap\"><h2 id=\"headline-67-15\" class=\"ct-headline agencyb-heading-two\">Taktikon i ett n\u00f6tskal<br><\/h2><div id=\"new_columns-68-15\" class=\"ct-new-columns\" ><div id=\"div_block-69-15\" class=\"ct-div-block agencyb-digits-1-column\" ><div id=\"fancy_icon-70-15\" class=\"ct-fancy-icon agencyb-digits-1-icon\" ><svg id=\"svg-fancy_icon-70-15\"><use xlink:href=\"#Lineariconsicon-calendar-full\"><\/use><\/svg><\/div><div id=\"div_block-255-15\" class=\"ct-div-block oxel_number_counter\" ><div id=\"code_block-256-15\" class=\"ct-code-block\" ><!-- --><\/div><div id=\"text_block-257-15\" class=\"ct-text-block oxel_number_counter__number\" >20<\/div><div id=\"text_block-72-15\" class=\"ct-text-block agencyb-digits-1-text\" >\u00c5rliga evenemang<\/div><\/div><\/div><div id=\"div_block-73-15\" class=\"ct-div-block agencyb-digits-1-column\" ><div id=\"fancy_icon-74-15\" class=\"ct-fancy-icon agencyb-digits-1-icon\" ><svg id=\"svg-fancy_icon-74-15\"><use xlink:href=\"#Lineariconsicon-apartment\"><\/use><\/svg><\/div><div id=\"div_block-260-15\" class=\"ct-div-block oxel_number_counter\" ><div id=\"code_block-261-15\" class=\"ct-code-block\" ><!-- --><\/div><div id=\"text_block-262-15\" class=\"ct-text-block oxel_number_counter__number\" >100<\/div><\/div><div id=\"text_block-76-15\" class=\"ct-text-block agencyb-digits-1-text\" >Anl\u00e4ggningar<\/div><\/div><div id=\"div_block-77-15\" class=\"ct-div-block agencyb-digits-1-column\" ><div id=\"fancy_icon-78-15\" class=\"ct-fancy-icon agencyb-digits-1-icon\" ><svg id=\"svg-fancy_icon-78-15\"><use xlink:href=\"#Lineariconsicon-user\"><\/use><\/svg><\/div><div id=\"div_block-270-15\" class=\"ct-div-block oxel_number_counter\" ><div id=\"code_block-271-15\" class=\"ct-code-block\" ><!-- --><\/div><div id=\"text_block-272-15\" class=\"ct-text-block oxel_number_counter__number\" >50<\/div><\/div><div id=\"text_block-80-15\" class=\"ct-text-block agencyb-digits-1-text\" >N\u00f6jda kunder<\/div><\/div><div id=\"div_block-81-15\" class=\"ct-div-block agencyb-digits-1-column\" ><div id=\"fancy_icon-82-15\" class=\"ct-fancy-icon agencyb-digits-1-icon\" ><svg id=\"svg-fancy_icon-82-15\"><use xlink:href=\"#FontAwesomeicon-globe\"><\/use><\/svg><\/div><div id=\"div_block-274-15\" class=\"ct-div-block oxel_number_counter\" ><div id=\"code_block-275-15\" class=\"ct-code-block\" ><!-- --><\/div><div id=\"text_block-276-15\" class=\"ct-text-block oxel_number_counter__number\" >13<\/div><\/div><div id=\"text_block-84-15\" class=\"ct-text-block agencyb-digits-1-text\" >L\u00e4nder d\u00e4r vi \u00e4r verksamma<\/div><\/div><\/div><\/div><\/section><section id=\"section-311-15\" class=\" ct-section\" ><div class=\"ct-section-inner-wrap\"><div id=\"new_columns-312-15\" class=\"ct-new-columns\" ><div id=\"div_block-313-15\" class=\"ct-div-block\" ><img decoding=\"async\"  id=\"image-314-15\" alt=\"\" src=\"https:\/\/taktikon.com\/wp-content\/uploads\/2025\/03\/Team-Taktikon-25.png\" class=\"ct-image\" srcset-disabled=\"https:\/\/taktikon.com\/wp-content\/uploads\/2025\/03\/Team-Taktikon-25.png 2000w, https:\/\/taktikon.com\/wp-content\/uploads\/2025\/03\/Team-Taktikon-25-300x240.png 300w, https:\/\/taktikon.com\/wp-content\/uploads\/2025\/03\/Team-Taktikon-25-1024x819.png 1024w, https:\/\/taktikon.com\/wp-content\/uploads\/2025\/03\/Team-Taktikon-25-768x614.png 768w, https:\/\/taktikon.com\/wp-content\/uploads\/2025\/03\/Team-Taktikon-25-1536x1229.png 1536w\" sizes=\"(max-width: 2000px) 100vw, 2000px\" \/><\/div><div id=\"div_block-315-15\" class=\"ct-div-block\" ><h2 id=\"headline-316-15\" class=\"ct-headline atomic-primary-heading\">M\u00f6t teamet Taktikon<\/h2><div id=\"text_block-317-15\" class=\"ct-text-block atomic-subheading\" >Vi \u00e4r ett litet och engagerat team med l\u00e5ng erfarenhet inom hotellbranschen. Vi finns h\u00e4r f\u00f6r att hj\u00e4lpa din anl\u00e4ggning att \u00f6ka sina int\u00e4kter. Du \u00e4r varmt v\u00e4lkommen att bes\u00f6ka oss p\u00e5 Johan Ericssonsgatan 13B i Stockholm.<\/div><a id=\"link-318-15\" class=\"ct-link oxel_icon_button__container\" href=\"https:\/\/taktikon.com\/sv\/about-us\/\"    role=\"button\"><div id=\"text_block-319-15\" class=\"ct-text-block oxel_icon_button_text\" >L\u00e4s mer om oss<br><\/div><\/a><\/div><\/div><\/div><\/section><section id=\"section-224-15\" class=\" ct-section\" ><div class=\"ct-section-inner-wrap\"><h2 id=\"headline-226-15\" class=\"ct-headline proteus-heading-two\">V\u00e5ra senaste nyheter<\/h2><div id=\"text_block-227-15\" class=\"ct-text-block proteus-big-text\" >Taktikons anst\u00e4llda \u00e4r popul\u00e4ra talare och bloggare. H\u00e4r \u00e4r en \u00f6versikt \u00f6ver v\u00e5ra senaste nyhetsartiklar.<\/div>        \n                <div id=\"_posts_grid-228-15\" class='oxy-easy-posts oxy-posts-grid' >\n                                    <div class='oxy-posts'>\n                     <div class='oxy-post'>\n  \n    <a class='oxy-post-image' href='https:\/\/taktikon.com\/sv\/hotellsegmentering-driver-inte-intakter\/'>\n      <div class='oxy-post-image-fixed-ratio' style='background-image: url(https:\/\/taktikon.com\/wp-content\/uploads\/2026\/04\/Taktikon-Newsletter-Banner-Strategy-Gap-SE-1-1.jpg);'>\n      <\/div>\n      \n      <div class='oxy-post-image-date-overlay'>\n\t\t20 april 2026\t  <\/div>\n      \n\t<\/a>\n  \n\t<a class='oxy-post-title' href='https:\/\/taktikon.com\/sv\/hotellsegmentering-driver-inte-intakter\/'>Varf\u00f6r din hotellsegmentering inte driver int\u00e4kter<\/a>\n\n\t<div class='oxy-post-meta'>\n\n\t\t<div class='oxy-post-meta-author oxy-post-meta-item'>\n\t\t\tAnnemarie\t\t<\/div>\n\n\t<\/div>\n\n\t<div class='oxy-post-content'>\n\t\t<p>De flesta hotell har en segmentering p\u00e5 plats. Men v\u00e4ldigt f\u00e5 anv\u00e4nder den f\u00f6r att faktiskt styra sina beslut inom Revenue Management. Och det \u00e4r d\u00e4r den verkliga m\u00f6jligheten g\u00e5r f\u00f6rlorad. Segmentering har l\u00e4nge varit en central del av Revenue Management. De flesta hotell delar upp sin aff\u00e4r i: P\u00e5 pappret ser detta strukturerat och [&hellip;]<\/p>\n\t<\/div>\n\n\t<a href='https:\/\/taktikon.com\/sv\/hotellsegmentering-driver-inte-intakter\/' class='oxy-read-more'>L\u00e4s mer<\/a>\n\n<\/div> <div class='oxy-post'>\n  \n    <a class='oxy-post-image' href='https:\/\/taktikon.com\/sv\/fran-insikt-till-handling-inom-revenue-management\/'>\n      <div class='oxy-post-image-fixed-ratio' style='background-image: url(https:\/\/taktikon.com\/wp-content\/uploads\/2026\/04\/Taktikon-Newsletter-Banner-Strategy-Gap-1.jpg);'>\n      <\/div>\n      \n      <div class='oxy-post-image-date-overlay'>\n\t\t17 april 2026\t  <\/div>\n      \n\t<\/a>\n  \n\t<a class='oxy-post-title' href='https:\/\/taktikon.com\/sv\/fran-insikt-till-handling-inom-revenue-management\/'>Fr\u00e5n insikt till handling inom Revenue Management<\/a>\n\n\t<div class='oxy-post-meta'>\n\n\t\t<div class='oxy-post-meta-author oxy-post-meta-item'>\n\t\t\tAnnemarie\t\t<\/div>\n\n\t<\/div>\n\n\t<div class='oxy-post-content'>\n\t\t<p>De flesta hotell har inte ett problem med sin Revenue Management-strategi. De har ett problem med genomf\u00f6randet. Och det \u00e4r d\u00e4r kommersiell prestation faktiskt avg\u00f6rs. I samtal med hotell i olika marknader blir en sak snabbt tydlig: Det r\u00e5der ingen brist p\u00e5 kunskap inom Revenue Management. Hotell idag har god f\u00f6rst\u00e5else f\u00f6r: Id\u00e9erna finns d\u00e4r.Systemen [&hellip;]<\/p>\n\t<\/div>\n\n\t<a href='https:\/\/taktikon.com\/sv\/fran-insikt-till-handling-inom-revenue-management\/' class='oxy-read-more'>L\u00e4s mer<\/a>\n\n<\/div> <div class='oxy-post'>\n  \n    <a class='oxy-post-image' href='https:\/\/taktikon.com\/sv\/gastupplevelse-pms-hotell-intakter\/'>\n      <div class='oxy-post-image-fixed-ratio' style='background-image: url(https:\/\/taktikon.com\/wp-content\/uploads\/2026\/03\/Blog-header-PMS-Still-Managing-Room-1.jpg);'>\n      <\/div>\n      \n      <div class='oxy-post-image-date-overlay'>\n\t\t30 mars 2026\t  <\/div>\n      \n\t<\/a>\n  \n\t<a class='oxy-post-title' href='https:\/\/taktikon.com\/sv\/gastupplevelse-pms-hotell-intakter\/'>Hanterar ditt PMS fortfarande rum, eller g\u00e4stupplevelser?<\/a>\n\n\t<div class='oxy-post-meta'>\n\n\t\t<div class='oxy-post-meta-author oxy-post-meta-item'>\n\t\t\tAnnemarie\t\t<\/div>\n\n\t<\/div>\n\n\t<div class='oxy-post-content'>\n\t\t<p>I m\u00e5nga \u00e5r har Property Management System varit hotellets operativa hj\u00e4rta. Men g\u00e4sten upplever inte dina system; de upplever ditt hotell. Och det v\u00e4cker en viktig fr\u00e5ga: \u00c4r ditt PMS fortfarande fokuserat p\u00e5 rum\u2026 eller hj\u00e4lper det dig att styra hela g\u00e4stupplevelsen? De flesta hotell anv\u00e4nder fortfarande sitt PMS p\u00e5 samma s\u00e4tt som f\u00f6r 10\u201315 [&hellip;]<\/p>\n\t<\/div>\n\n\t<a href='https:\/\/taktikon.com\/sv\/gastupplevelse-pms-hotell-intakter\/' class='oxy-read-more'>L\u00e4s mer<\/a>\n\n<\/div>                <\/div>\n                                            <\/div>\n                <\/div><\/section><section id=\"section-210-15\" class=\" ct-section\" ><div class=\"ct-section-inner-wrap\"><div id=\"new_columns-211-15\" class=\"ct-new-columns\" ><div id=\"div_block-212-15\" class=\"ct-div-block\"  data-aos=\"slide-up\" data-aos-duration=\"3\"><h2 id=\"headline-213-15\" class=\"ct-headline hosting-heading-two\">Prenumerera p\u00e5 v\u00e5rt nyhetsbrev<\/h2><div id=\"text_block-214-15\" class=\"ct-text-block \" >Vill du h\u00e5lla kontakten? Prenumerera p\u00e5 v\u00e5rt nyhetsbrev och f\u00e5 regelbundna branschuppdateringar.<\/div><\/div><div id=\"div_block-215-15\" class=\"ct-div-block\" ><a id=\"link_button-222-15\" class=\"ct-link-button agencyb-red-outline-button\" href=\"https:\/\/zcmp.eu\/URvS\" target=\"_blank\" rel=\"noopener\">Prenumerera<br><\/a><\/div><\/div><\/div><\/section>","protected":false},"excerpt":{"rendered":"","protected":false},"author":1,"featured_media":6662,"parent":0,"menu_order":0,"comment_status":"closed","ping_status":"closed","template":"","meta":{"_acf_changed":false,"advgb_blocks_editor_width":"","advgb_blocks_columns_visual_guide":"","footnotes":""},"class_list":["post-6759","page","type-page","status-publish","has-post-thumbnail","hentry"],"acf":[],"coauthors":[],"author_meta":{"author_link":"https:\/\/taktikon.com\/sv\/author\/basvt\/","display_name":"basvt"},"relative_dates":{"created":"Publicerad 2 \u00e5r sedan","modified":"Uppdaterad 1 \u00e5r sedan"},"absolute_dates":{"created":"Publicerat den 18 mars 2024","modified":"Uppdaterad den 24 mars 2025"},"absolute_dates_time":{"created":"Publicerat den 18 mars 2024 12:03","modified":"Uppdaterad den 24 mars 2025 11:22"},"featured_img_caption":"","featured_img":"https:\/\/taktikon.com\/wp-content\/uploads\/2024\/09\/Taktikon-logo-transparent-black.png","series_order":"","_links":{"self":[{"href":"https:\/\/taktikon.com\/sv\/wp-json\/wp\/v2\/pages\/6759","targetHints":{"allow":["GET"]}}],"collection":[{"href":"https:\/\/taktikon.com\/sv\/wp-json\/wp\/v2\/pages"}],"about":[{"href":"https:\/\/taktikon.com\/sv\/wp-json\/wp\/v2\/types\/page"}],"author":[{"embeddable":true,"href":"https:\/\/taktikon.com\/sv\/wp-json\/wp\/v2\/users\/1"}],"replies":[{"embeddable":true,"href":"https:\/\/taktikon.com\/sv\/wp-json\/wp\/v2\/comments?post=6759"}],"version-history":[{"count":10,"href":"https:\/\/taktikon.com\/sv\/wp-json\/wp\/v2\/pages\/6759\/revisions"}],"predecessor-version":[{"id":7290,"href":"https:\/\/taktikon.com\/sv\/wp-json\/wp\/v2\/pages\/6759\/revisions\/7290"}],"wp:featuredmedia":[{"embeddable":true,"href":"https:\/\/taktikon.com\/sv\/wp-json\/wp\/v2\/media\/6662"}],"wp:attachment":[{"href":"https:\/\/taktikon.com\/sv\/wp-json\/wp\/v2\/media?parent=6759"}],"curies":[{"name":"wp","href":"https:\/\/api.w.org\/{rel}","templated":true}]}}