{"id":6760,"date":"2024-03-22T19:46:46","date_gmt":"2024-03-22T19:46:46","guid":{"rendered":"https:\/\/taktikon.com\/marknadsforing\/"},"modified":"2025-03-24T11:01:38","modified_gmt":"2025-03-24T11:01:38","slug":"marketing","status":"publish","type":"page","link":"https:\/\/taktikon.com\/sv\/marketing\/","title":{"rendered":"Marknadsf\u00f6ring"},"content":{"rendered":"<section id=\"section-279-47\" class=\"oxy-video-background ct-section\" ><div class='oxy-video-container'><video autoplay loop playsinline muted><source src='https:\/\/taktikon.com\/wp-content\/uploads\/2024\/09\/Hotel-Marketing-Taktikon.mp4'><\/video><div class='oxy-video-overlay'><\/div><\/div><div class=\"ct-section-inner-wrap\"><div id=\"div_block-285-47\" class=\"ct-div-block\" ><h1 id=\"headline-13-47\" class=\"ct-headline hyperion-heading-two\">Marknadsf\u00f6ring<br><\/h1><\/div><\/div><\/section><section id=\"section-612-47\" class=\" ct-section\" style=\"background-image:url(https:\/\/taktikon.com\/wp-content\/uploads\/2024\/06\/ceno_textil.jpg);background-size: cover;\" ><div class=\"ct-section-inner-wrap\"><div id=\"div_block-614-47\" class=\"ct-div-block\" ><\/div><h1 id=\"headline-616-47\" class=\"ct-headline\">Taktikon: Leading Revenue Management Consultants for the Hospitality Industry.<\/h1><\/div><\/section><section id=\"section-621-47\" class=\" ct-section\" ><div class=\"ct-section-inner-wrap\"><div id=\"div_block-622-47\" class=\"ct-div-block\" ><h2 id=\"headline-624-47\" class=\"ct-headline\">Digital marknadsf\u00f6ring f\u00f6r hotell \u2013 experter p\u00e5 synlighet och resultat<\/h2><\/div><div id=\"div_block-623-47\" class=\"ct-div-block\" ><div id=\"_rich_text-626-47\" class=\"oxy-rich-text\" ><p>P\u00e5 Taktikon \u00e4r vi experter p\u00e5 digital marknadsf\u00f6ring f\u00f6r hotell. Vi anv\u00e4nder v\u00e5r omfattande kunskap inom marknadsf\u00f6ring f\u00f6r att hj\u00e4lpa hotellverksamheter att n\u00e5 sin fulla potential genom skr\u00e4ddarsydda och resultatinriktade l\u00f6sningar. F\u00f6r att uppn\u00e5 detta erbjuder vi ett brett utbud av specialiserade tj\u00e4nster. Vi vet att en framg\u00e5ngsrik strategi f\u00f6r digital marknadsf\u00f6ring f\u00f6r hotell i dagens digitala v\u00e4rld kr\u00e4ver mer \u00e4n generella r\u00e5d. D\u00e4rf\u00f6r tillhandah\u00e5ller vi ocks\u00e5 djupg\u00e5ende analyser av din hotellwebbplats f\u00f6r att s\u00e4kerst\u00e4lla att den \u00e4r optimerad f\u00f6r att attrahera och beh\u00e5lla g\u00e4ster online.<\/p>\n<p>V\u00e5rt team av experter hj\u00e4lper dig att genomf\u00f6ra effektiva digitala reklamkampanjer som \u00f6kar din synlighet p\u00e5 marknaden och n\u00e5r r\u00e4tt m\u00e5lgrupp. Vi har en djup f\u00f6rst\u00e5else f\u00f6r publikanalys, konverteringsoptimering och strategier inom digital marknadsf\u00f6ring f\u00f6r hotell, vilket g\u00f6r att du kan maximera effekten av dina digitala satsningar. Oavsett om du driver ett boutiquehotell, en resort eller en hotellkedja \u00e4r Taktikon redo att vara din strategiska partner inom digital marknadsf\u00f6ring f\u00f6r hotell. Vi ser fram emot att hj\u00e4lpa dig att \u00f6ka din marknadsn\u00e4rvaro, attrahera fler g\u00e4ster och optimera dina kampanjer f\u00f6r b\u00e4sta m\u00f6jliga resultat.<\/p><\/div><\/div><\/div><\/section><section id=\"section-598-47\" class=\" ct-section\" style=\"background-image:linear-gradient(rgba(0,0,0,0.23), rgba(0,0,0,0.23)), url(https:\/\/taktikon.com\/wp-content\/uploads\/2024\/07\/feather.jpg);background-size:auto,  cover;\" ><div class=\"ct-section-inner-wrap\"><div id=\"div_block-599-47\" class=\"ct-div-block\" ><h2 id=\"headline-779-49\" class=\"ct-headline\">Letar du efter en expert p\u00e5 digital marknadsf\u00f6ring f\u00f6r att st\u00f6dja ditt f\u00f6retag?<\/h2><div id=\"text_block-600-47\" class=\"ct-text-block\" >P\u00e5 Taktikon ser vi till att digital marknadsf\u00f6ring blir en integrerad och l\u00e5ngsiktig del av v\u00e5ra kunders verksamhet. Redan fr\u00e5n b\u00f6rjan av outsourcingprocessen utvecklar vi metoder och strategier som du kan implementera sj\u00e4lvst\u00e4ndigt i varje steg.<\/div><a id=\"link-606-47\" class=\"ct-link oxel_icon_button__container\" href=\"https:\/\/taktikon.com\/sv\/contact-us\/\"    role=\"button\"><div id=\"text_block-608-47\" class=\"ct-text-block oxel_icon_button_text\" >Kontakta Oss<br><\/div><\/a><\/div><\/div><\/section><section id=\"section-760-49\" class=\" ct-section\" ><div class=\"ct-section-inner-wrap\"><div id=\"div_block-761-49\" class=\"ct-div-block\" ><h2 id=\"headline-762-49\" class=\"ct-headline\">Outsourcing av digital marknadsf\u00f6ring<\/h2><\/div><div id=\"div_block-763-49\" class=\"ct-div-block\" ><div id=\"_rich_text-764-49\" class=\"oxy-rich-text\" ><div class=\"c-text__inner\">\n<div class=\"c-text__lead\">\n<div class=\"c-reveal c-reveal--slide-rotate-up is-revealed intersection-state-enter-any intersection-state-enter-full intersection-state-enter-any-bottom intersection-state-enter-full-bottom\" data-fn-animate=\"\" data-fn-animate-init-add=\"is-revealed\" data-fn-animate-enter-any-add=\"is-revealed\" data-fn-animate-initiated=\"true\">\n<div class=\"c-reveal__inner\">\n<div class=\"c-prose max-w-none\">\n<p>Oavsett om du precis har b&ouml;rjat eller redan &auml;r p&aring; din digitala marknadsf&ouml;ringsresa kan Taktikon vara din p&aring;litliga partner. Vi arbetar med dig f&ouml;r att omvandla digital marknadsf&ouml;ring till en fullt handlingsbar, m&auml;tbar och viktigast av allt, l&ouml;nsam del av din distributionsstrategi.<\/p>\n<p>Med v&aring;r omfattande kunskap och expertis ser vi till att digital marknadsf&ouml;ring inte bara blir en kostnad utan en investering som ger avkastning. Vi hj&auml;lper dig att effektivt n&aring; din m&aring;lgrupp, optimera dina marknadsf&ouml;ringsinsatser och se till att varje investerat &ouml;re ger resultat. V&aring;rt m&aring;l &auml;r att g&ouml;ra digital marknadsf&ouml;ring till en framg&aring;ngsrik tillv&auml;xtmotor f&ouml;r ditt f&ouml;retag och driva p&aring; den p&aring;g&aring;ende expansionen.<\/p>\n<\/div>\n<\/div>\n<\/div>\n<\/div>\n<\/div><\/div><\/div><\/div><\/section><section id=\"section-766-49\" class=\" ct-section\" style=\"background-image:linear-gradient(rgba(0,0,0,0.23), rgba(0,0,0,0.23)), url(https:\/\/taktikon.com\/wp-content\/uploads\/2024\/07\/Camera.jpg);background-size:auto,  cover;\" ><div class=\"ct-section-inner-wrap\"><div id=\"div_block-767-49\" class=\"ct-div-block\" ><h2 id=\"headline-768-49\" class=\"ct-headline\">N\u00e4r vi p\u00e5b\u00f6rjar projektet kan du f\u00f6rv\u00e4nta dig f\u00f6ljande:<\/h2><div id=\"text_block-769-49\" class=\"ct-text-block\" >En grundlig genomg\u00e5ng av din webbplatsstruktur, presenterad i en l\u00e4ttf\u00f6rst\u00e5elig PDF-rapport. Tillsammans med dig, v\u00e5r kund, kommer Taktikon att implementera de olika rekommendationerna fr\u00e5n rapporten.<\/div><a id=\"link-770-49\" class=\"ct-link oxel_icon_button__container\" href=\"https:\/\/taktikon.com\/sv\/contact-us\/\"    role=\"button\"><div id=\"text_block-771-49\" class=\"ct-text-block oxel_icon_button_text\" >Kontakta oss f\u00f6r en offert<br><\/div><\/a><\/div><\/div><\/section><section id=\"section-774-49\" class=\" ct-section\" ><div class=\"ct-section-inner-wrap\"><div id=\"div_block-775-49\" class=\"ct-div-block\" ><h2 id=\"headline-776-49\" class=\"ct-headline\">Hur Taktikon maximerar dina resultat:<\/h2><\/div><div id=\"div_block-777-49\" class=\"ct-div-block\" ><div id=\"_rich_text-778-49\" class=\"oxy-rich-text\" ><div class=\"c-text__inner\"><div class=\"c-text__lead\"><div class=\"c-reveal c-reveal--slide-rotate-up is-revealed intersection-state-enter-any intersection-state-enter-full intersection-state-enter-any-bottom intersection-state-enter-full-bottom\" data-fn-animate=\"\" data-fn-animate-init-add=\"is-revealed\" data-fn-animate-enter-any-add=\"is-revealed\" data-fn-animate-initiated=\"true\"><div class=\"c-reveal__inner\"><div class=\"c-prose max-w-none\"><ul><li>Skapar och strukturerar nya kampanjer och s\u00f6kord i ditt Google Ads-konto.<\/li><li>Tillhandah\u00e5ller en anv\u00e4ndarv\u00e4nlig guide och mall f\u00f6r att ladda upp kundlistor i Google Ads.<\/li><li>Aktiverar annonsering p\u00e5 plattformar som Google och Bing.<\/li><li>Fastst\u00e4ller optimala budniv\u00e5er f\u00f6r varje auktion.<\/li><li>Anv\u00e4nder negativa s\u00f6kord f\u00f6r att eliminera ol\u00f6nsam trafik.<\/li><li>Optimerar m\u00e5lsidor genom att testa flera versioner och ge konverteringstips.<\/li><li>Utformar och testar annonser baserat p\u00e5 prestanda.<\/li><li>Genomf\u00f6r tester med nya s\u00f6kord som har potential att f\u00f6rb\u00e4ttra resultaten.<\/li><\/ul><\/div><\/div><\/div><\/div><\/div><\/div><\/div><\/div><\/section>","protected":false},"excerpt":{"rendered":"","protected":false},"author":1,"featured_media":0,"parent":0,"menu_order":0,"comment_status":"closed","ping_status":"closed","template":"","meta":{"_acf_changed":false,"advgb_blocks_editor_width":"","advgb_blocks_columns_visual_guide":"","footnotes":""},"class_list":["post-6760","page","type-page","status-publish","hentry"],"acf":[],"coauthors":[],"author_meta":{"author_link":"https:\/\/taktikon.com\/sv\/author\/basvt\/","display_name":"basvt"},"relative_dates":{"created":"Publicerad 2 \u00e5r sedan","modified":"Uppdaterad 1 \u00e5r sedan"},"absolute_dates":{"created":"Publicerat den 22 mars 2024","modified":"Uppdaterad den 24 mars 2025"},"absolute_dates_time":{"created":"Publicerat den 22 mars 2024 19:46","modified":"Uppdaterad den 24 mars 2025 11:01"},"featured_img_caption":"","featured_img":false,"series_order":"","_links":{"self":[{"href":"https:\/\/taktikon.com\/sv\/wp-json\/wp\/v2\/pages\/6760","targetHints":{"allow":["GET"]}}],"collection":[{"href":"https:\/\/taktikon.com\/sv\/wp-json\/wp\/v2\/pages"}],"about":[{"href":"https:\/\/taktikon.com\/sv\/wp-json\/wp\/v2\/types\/page"}],"author":[{"embeddable":true,"href":"https:\/\/taktikon.com\/sv\/wp-json\/wp\/v2\/users\/1"}],"replies":[{"embeddable":true,"href":"https:\/\/taktikon.com\/sv\/wp-json\/wp\/v2\/comments?post=6760"}],"version-history":[{"count":5,"href":"https:\/\/taktikon.com\/sv\/wp-json\/wp\/v2\/pages\/6760\/revisions"}],"predecessor-version":[{"id":7289,"href":"https:\/\/taktikon.com\/sv\/wp-json\/wp\/v2\/pages\/6760\/revisions\/7289"}],"wp:attachment":[{"href":"https:\/\/taktikon.com\/sv\/wp-json\/wp\/v2\/media?parent=6760"}],"curies":[{"name":"wp","href":"https:\/\/api.w.org\/{rel}","templated":true}]}}