{"id":6761,"date":"2024-07-23T13:50:21","date_gmt":"2024-07-23T13:50:21","guid":{"rendered":"https:\/\/taktikon.com\/paket\/"},"modified":"2025-03-24T10:30:37","modified_gmt":"2025-03-24T10:30:37","slug":"package","status":"publish","type":"page","link":"https:\/\/taktikon.com\/sv\/package\/","title":{"rendered":"Paket"},"content":{"rendered":"<section id=\"section-279-47\" class=\"oxy-video-background ct-section\" ><div class='oxy-video-container'><video autoplay loop playsinline muted><source src='https:\/\/taktikon.com\/wp-content\/uploads\/2024\/09\/Taktikon-Package.mp4'><\/video><div class='oxy-video-overlay'><\/div><\/div><div class=\"ct-section-inner-wrap\"><div id=\"div_block-285-47\" class=\"ct-div-block\" ><h1 id=\"headline-13-47\" class=\"ct-headline hyperion-heading-two\">Taktikon\u00b4s Paket<\/h1><\/div><\/div><\/section><section id=\"section-612-47\" class=\" ct-section\" style=\"background-image:url(https:\/\/taktikon.com\/wp-content\/uploads\/2024\/06\/ceno_textil.jpg);background-size: cover;\" ><div class=\"ct-section-inner-wrap\"><div id=\"div_block-614-47\" class=\"ct-div-block\" ><\/div><h1 id=\"headline-616-47\" class=\"ct-headline\">Taktikon: Leading Revenue Management Consultants for the Hospitality Industry.<\/h1><\/div><\/section><section id=\"section-759-110\" class=\" ct-section\" ><div class=\"ct-section-inner-wrap\"><div id=\"div_block-760-110\" class=\"ct-div-block\" ><h2 id=\"headline-761-110\" class=\"ct-headline\">Taktikon's Paket<\/h2><\/div><div id=\"div_block-762-110\" class=\"ct-div-block\" ><div id=\"_rich_text-763-110\" class=\"oxy-rich-text\" ><div class=\"c-text__inner\">\n<div class=\"c-text__lead\">\n<div class=\"c-reveal c-reveal--slide-rotate-up is-revealed intersection-state-enter-any intersection-state-enter-full intersection-state-enter-any-bottom intersection-state-enter-full-bottom\" data-fn-animate=\"\" data-fn-animate-init-add=\"is-revealed\" data-fn-animate-enter-any-add=\"is-revealed\" data-fn-animate-initiated=\"true\">\n<div class=\"c-reveal__inner\">\n<div class=\"c-prose max-w-none\">\n<p><span data-contrast=\"auto\">N&auml;r du v&auml;ljer att samarbeta med Taktikon f&aring;r du en engagerad och erfaren Revenue Manager som blir en integrerad del av ditt team. Tillsammans implementerar vi strategier som inte bara &ouml;kar dina int&auml;kter utan ocks&aring; h&ouml;jer kunskapsniv&aring;n inom Revenue Management p&aring; din anl&auml;ggning. Vi samarbetar f&ouml;r att skapa tydliga strukturer och effektiva rutiner som &auml;r avg&ouml;rande f&ouml;r att optimera din verksamhet. <br \/><\/span><\/p>\n<p><span data-contrast=\"auto\">Som din Revenue Management-partner hanterar vi strategiska beslut och tar ansvar f&ouml;r att utveckla en l&ouml;nsam strategi. Detta g&ouml;r att du och ditt team kan fokusera p&aring; de praktiska aspekterna av verksamheten, till exempel att leverera utm&auml;rkt service och uppr&auml;tth&aring;lla h&ouml;gkvalitativa g&auml;stupplevelser. Med Taktikon som partner kan du vara s&auml;ker p&aring; att du har en p&aring;litlig resurs som arbetar med dig f&ouml;r att maximera dina resultat och lyfta ditt f&ouml;retag till nya h&ouml;jder. <br \/><\/span><\/p>\n<\/div>\n<\/div>\n<\/div>\n<\/div>\n<\/div><\/div><\/div><\/div><\/section><section id=\"section-627-47\" class=\" ct-section\" ><div class=\"ct-section-inner-wrap\"><div id=\"new_columns-655-47\" class=\"ct-new-columns\" ><div id=\"div_block-656-47\" class=\"ct-div-block\" ><div id=\"div_block-657-47\" class=\"ct-div-block\" ><\/div><div id=\"div_block-658-47\" class=\"ct-div-block\" ><h2 id=\"headline-659-47\" class=\"ct-headline primary_heading_tak\">Outsourcingpaket Litet<\/h2><div id=\"text_block-660-47\" class=\"ct-text-block primary_body_text\" >Taktikon hanterar prisuppdateringar, och kommunikationen sker via veckovisa nyhetsbrev och ad hoc-kontakt vid behov.<br><br>I v\u00e5rt paket ing\u00e5r:<br>- Prisuppdateringar i ert eget system och i alla distributionskanaler.<br>- Uppladdning av kampanjer vid r\u00e4tt tidpunkt och p\u00e5 l\u00e4mpliga distributionskanaler.<br>- Aktivt s\u00f6ka nya distributionskanaler och marknader som \u00e4r relevanta f\u00f6r ditt hotell.<br>- \u00d6ka kunskapen om Revenue Management f\u00f6r att ditt hotell ska kunna verka sj\u00e4lvst\u00e4ndigt p\u00e5 l\u00e5ng sikt.<br>- Ge st\u00f6d och r\u00e5d i l\u00e5ngsiktiga fr\u00e5gor, till exempel teknik och koncept.<br>- Utv\u00e4rdera distributionskanaler som kontaktar din anl\u00e4ggning f\u00f6r att bed\u00f6ma deras relevans.<br>- Fastst\u00e4lla priser f\u00f6r paket och l\u00e4mpliga distributionskanaler anl\u00e4ggningen hanterar uppladdningen).<br><\/div><\/div><\/div><div id=\"div_block-662-47\" class=\"ct-div-block\" ><div id=\"div_block-663-47\" class=\"ct-div-block\" ><div id=\"div_block-664-47\" class=\"ct-div-block\" ><\/div><\/div><div id=\"div_block-665-47\" class=\"ct-div-block\" ><h2 id=\"headline-666-47\" class=\"ct-headline primary_heading_tak\">Outsourcingpaket Medium<\/h2><div id=\"text_block-667-47\" class=\"ct-text-block primary_body_text\" >Taktikon fungerar som en Revenue Manager och hanterar b\u00e5de de taktiska och strategiska uppgifter som ing\u00e5r i Revenue Management. Kommunikationen sker genom veckobrev, m\u00e5nadsrapporter och ad hoc-kontakt vid behov.<br>I v\u00e5rt paket ing\u00e5r:<br>- Prisuppdateringar i ert eget system och i alla distributionskanaler.<br>- Uppladdning av kampanjer vid r\u00e4tt tidpunkt och p\u00e5 l\u00e4mpliga distributionskanaler.<br>- Aktivt s\u00f6kande efter framtida distributionskanaler och marknader som \u00e4r relevanta f\u00f6r ditt hotell.<br>- F\u00f6rb\u00e4ttrad kunskap om Revenue Management f\u00f6r att ditt hotell ska kunna fungera sj\u00e4lvst\u00e4ndigt p\u00e5 l\u00e5ng sikt.<br>- Utv\u00e4rdera distributionskanaler som n\u00e4rmar sig din fastighet f\u00f6r att bed\u00f6ma deras relevans.<br>- Fastst\u00e4lla priser och ladda upp paket till l\u00e4mpliga distributionskanaler (med inneh\u00e5ll som best\u00e4ms av anl\u00e4ggningen.<br>- Daglig prognostisering av b\u00e5de efterfr\u00e5gan och genomsnittspris f\u00f6r att s\u00e4kerst\u00e4lla r\u00e4tt strategi och m\u00e5l f\u00f6r varje dag.<br>- \u00c5rlig marknadsanalys och strategisk planering f\u00f6r att bygga l\u00e5ngsiktiga m\u00e5l.<br><\/div><\/div><\/div><\/div><\/div><\/section><section id=\"section-687-47\" class=\" ct-section\" ><div class=\"ct-section-inner-wrap\"><div id=\"div_block-688-47\" class=\"ct-div-block\" ><h2 id=\"headline-689-47\" class=\"ct-headline\">Outsourcingpaket Stor<\/h2><\/div><div id=\"div_block-690-47\" class=\"ct-div-block\" ><div id=\"_rich_text-691-47\" class=\"oxy-rich-text\" ><div class=\"c-text__inner\">\n<div class=\"c-text__lead\">\n<div class=\"c-reveal c-reveal--slide-rotate-up is-revealed intersection-state-enter-any intersection-state-enter-full intersection-state-enter-any-bottom intersection-state-enter-full-bottom\" data-fn-animate=\"\" data-fn-animate-init-add=\"is-revealed\" data-fn-animate-enter-any-add=\"is-revealed\" data-fn-animate-initiated=\"true\">\n<div class=\"c-reveal__inner\">\n<div class=\"c-prose max-w-none\">\n<div class=\"spb_toggle_content\">\n<div class=\"flex flex-grow flex-col gap-3\">\n<div class=\"min-h-[20px] flex flex-col items-start gap-4 whitespace-pre-wrap break-words\">\n<div class=\"markdown prose w-full break-words dark:prose-invert light\">\n<p>Taktikon fungerar som en Total Revenue Manager och hanterar b&aring;de de taktiska och strategiska uppgifterna inom Revenue Management. Kommunikationen sker genom veckobrev, m&aring;nadsrapporter och ad hoc-kontakter vid behov.<\/p>\n<p>I v&aring;rt paket ing&aring;r:<\/p>\n<ul>\n<li>Prisuppdateringar i ert eget system och i alla distributionskanaler<\/li>\n<li>Uppladdning av kampanjer vid r&auml;tt tidpunkt och i l&auml;mpliga distributionskanaler.<\/li>\n<li>Aktivt s&ouml;ka framtida distributionskanaler och marknader som &auml;r relevanta f&ouml;r ditt hotell.<\/li>\n<li>F&ouml;rb&auml;ttra kunskapen om Revenue Management f&ouml;r att ditt hotell ska kunna fungera sj&auml;lvst&auml;ndigt p&aring; l&aring;ng sikt.<\/li>\n<li>Fungera som bollplank i l&aring;ngsiktiga fr&aring;gor, till exempel teknik och koncept.<\/li>\n<li>Utv&auml;rdera distributionskanaler som n&auml;rmar sig din anl&auml;ggning f&ouml;r att bed&ouml;ma deras relevans.<\/li>\n<li>Fastst&auml;llande av priser och uppladdning av paket till l&auml;mpliga distributionskanaler (med inneh&aring;ll som best&auml;ms av anl&auml;ggning.<\/li>\n<li>Dagliga prognoser f&ouml;r b&aring;de efterfr&aring;gan och genomsnittspris f&ouml;r att s&auml;kerst&auml;lla r&auml;tt strategi och m&aring;l f&ouml;r varje dag.<\/li>\n<li>&Aring;rlig marknadsanalys och strategisk planering f&ouml;r att bygga l&aring;ngsiktiga m&aring;l.<\/li>\n<li>Ansvar f&ouml;r optimering av priss&auml;ttning och strategier f&ouml;r konferensavdelningen.<\/li>\n<\/ul>\n<\/div>\n<\/div>\n<\/div>\n<\/div>\n<\/div>\n<\/div>\n<\/div>\n<\/div>\n<\/div><\/div><\/div><\/div><\/section><section id=\"section-768-110\" class=\" ct-section\" style=\"background-image:url(https:\/\/taktikon.com\/wp-content\/uploads\/2024\/10\/sparkler-2565793_1920.jpg);background-size: cover;\" ><div class=\"ct-section-inner-wrap\"><div id=\"div_block-769-110\" class=\"ct-div-block\" ><h2 id=\"headline-770-110\" class=\"ct-headline\">Vad s\u00e4ger v\u00e5ra kunder om oss?<\/h2><div id=\"text_block-771-110\" class=\"ct-text-block\" >Uppt\u00e4ck vad v\u00e5ra kunder s\u00e4ger om sina erfarenheter av oss. Vi \u00e4r stolta \u00f6ver att hj\u00e4lpa en rad olika f\u00f6retag att uppn\u00e5 sina m\u00e5l och \u00f6ka sina int\u00e4kter. L\u00e4s mer om deras framg\u00e5ngshistorier och se hur v\u00e5ra skr\u00e4ddarsydda l\u00f6sningar har haft en positiv inverkan p\u00e5 deras verksamhet och tillv\u00e4xt.<\/div><a id=\"link-772-110\" class=\"ct-link oxel_icon_button__container\" href=\"https:\/\/taktikon.com\/sv\/taktikon-business-cases\/\"    role=\"button\"><div id=\"text_block-773-110\" class=\"ct-text-block oxel_icon_button_text\" >Se v\u00e5ra aff\u00e4rscase h\u00e4r<br><\/div><\/a><\/div><\/div><\/section><section id=\"section-764-110\" class=\" ct-section\" style=\"background-image:linear-gradient(rgba(255,255,255,0.5), rgba(255,255,255,0.5)), url(https:\/\/taktikon.com\/wp-content\/uploads\/2024\/07\/Camera.jpg);background-size:auto,  cover;\" ><div class=\"ct-section-inner-wrap\"><h2 id=\"headline-765-110\" class=\"ct-headline atomic-secondary-heading\">Hur kan vi hj\u00e4lpa din anl\u00e4ggning?<\/h2><div id=\"text_block-766-110\" class=\"ct-text-block atomic-subheading\" >Tveka inte att kontakta oss f\u00f6r att diskutera hur vi kan hj\u00e4lpa dig att maximera dina int\u00e4kter.<\/div><a id=\"link_button-767-110\" class=\"ct-link-button agencyb-red-outline-button\" href=\"https:\/\/taktikon.com\/sv\/contact-us\/\"   >Kontakta oss f\u00f6r en offert<br><\/a><\/div><\/section>","protected":false},"excerpt":{"rendered":"","protected":false},"author":1,"featured_media":0,"parent":0,"menu_order":0,"comment_status":"closed","ping_status":"closed","template":"","meta":{"_acf_changed":false,"advgb_blocks_editor_width":"","advgb_blocks_columns_visual_guide":"","footnotes":""},"class_list":["post-6761","page","type-page","status-publish","hentry"],"acf":[],"coauthors":[],"author_meta":{"author_link":"https:\/\/taktikon.com\/sv\/author\/basvt\/","display_name":"basvt"},"relative_dates":{"created":"Publicerad 2 \u00e5r sedan","modified":"Uppdaterad 1 \u00e5r sedan"},"absolute_dates":{"created":"Publicerat den 23 juli 2024","modified":"Uppdaterad den 24 mars 2025"},"absolute_dates_time":{"created":"Publicerat den 23 juli 2024 13:50","modified":"Uppdaterad den 24 mars 2025 10:30"},"featured_img_caption":"","featured_img":false,"series_order":"","_links":{"self":[{"href":"https:\/\/taktikon.com\/sv\/wp-json\/wp\/v2\/pages\/6761","targetHints":{"allow":["GET"]}}],"collection":[{"href":"https:\/\/taktikon.com\/sv\/wp-json\/wp\/v2\/pages"}],"about":[{"href":"https:\/\/taktikon.com\/sv\/wp-json\/wp\/v2\/types\/page"}],"author":[{"embeddable":true,"href":"https:\/\/taktikon.com\/sv\/wp-json\/wp\/v2\/users\/1"}],"replies":[{"embeddable":true,"href":"https:\/\/taktikon.com\/sv\/wp-json\/wp\/v2\/comments?post=6761"}],"version-history":[{"count":6,"href":"https:\/\/taktikon.com\/sv\/wp-json\/wp\/v2\/pages\/6761\/revisions"}],"predecessor-version":[{"id":6938,"href":"https:\/\/taktikon.com\/sv\/wp-json\/wp\/v2\/pages\/6761\/revisions\/6938"}],"wp:attachment":[{"href":"https:\/\/taktikon.com\/sv\/wp-json\/wp\/v2\/media?parent=6761"}],"curies":[{"name":"wp","href":"https:\/\/api.w.org\/{rel}","templated":true}]}}