{"id":6763,"date":"2024-09-02T09:20:50","date_gmt":"2024-09-02T09:20:50","guid":{"rendered":"https:\/\/taktikon.com\/taktikon-business-cases\/"},"modified":"2025-03-24T09:15:33","modified_gmt":"2025-03-24T09:15:33","slug":"taktikon-business-cases","status":"publish","type":"page","link":"https:\/\/taktikon.com\/sv\/taktikon-business-cases\/","title":{"rendered":"Taktikons aff\u00e4rsfall"},"content":{"rendered":"<section id=\"section-160-200\" class=\" ct-section\" ><div class=\"ct-section-inner-wrap\"><h1 id=\"headline-3-200\" class=\"ct-headline atomic-secondary-heading\">Vi g\u00f6r hotell- och restaurangbranschen l\u00f6nsam <\/h1><div id=\"text_block-159-200\" class=\"ct-text-block\" >Vi \u00e4r stolta \u00f6ver att leverera skr\u00e4ddarsydda l\u00f6sningar som skapar resultat f\u00f6r v\u00e5ra kunder. Fr\u00e5n att optimera strategier inom Revenue Management till att f\u00f6rb\u00e4ttra g\u00e4stupplevelser har v\u00e5ra samarbeten resulterat i m\u00e4tbara f\u00f6rb\u00e4ttringar av b\u00e5de prestanda och l\u00f6nsamhet. Nedan presenterar vi n\u00e5gra framg\u00e5ngshistorier som lyfter fram v\u00e5rt engagemang f\u00f6r kvalitet och det positiva genomslaget av v\u00e5r expertis inom hotell- och restaurangbranschen.<\/div><\/div><\/section><section id=\"section-166-200\" class=\" ct-section\" ><div class=\"ct-section-inner-wrap\"><div id=\"new_columns-167-200\" class=\"ct-new-columns\" ><div id=\"div_block-168-200\" class=\"ct-div-block\" ><div id=\"div_block-169-200\" class=\"ct-div-block\" ><\/div><div id=\"div_block-170-200\" class=\"ct-div-block\" ><h2 id=\"headline-171-200\" class=\"ct-headline primary_heading_tak\">Charmigt familje\u00e4gt hotell i en mellanstor stad<\/h2><div id=\"text_block-172-200\" class=\"ct-text-block primary_body_text\" >Detta familje\u00e4gda hotell ligger i hj\u00e4rtat av en livlig mellanstor stad och \u00e4r stolt \u00f6ver att leverera en exceptionell g\u00e4stupplevelse med fokus p\u00e5 kvalitet och v\u00e4rme. \u00c4garna har \u00e4gnat sig \u00e5t att skapa en v\u00e4lkomnande atmosf\u00e4r som g\u00f6r att g\u00e4sterna \u00e5terv\u00e4nder g\u00e5ng p\u00e5 g\u00e5ng. F\u00f6r att optimera synligheten i olika marknadsf\u00f6ringskanaler och implementera effektiva prisstrategier anv\u00e4nde vi Total Revenue Management-tekniker som var skr\u00e4ddarsydda f\u00f6r deras unika erbjudanden.<br><br>Tack vare v\u00e5ra insatser har hotellet f\u00e5tt ett av de h\u00f6gsta betygen i staden, vilket \u00e4r ett bevis p\u00e5 hotellets engagemang. P\u00e5 bara n\u00e5gra m\u00e5nader identifierade vi m\u00f6jligheter att justera priss\u00e4ttningen, s\u00e4rskilt f\u00f6r premiumrummen, vilket resulterade i en anm\u00e4rkningsv\u00e4rd \u00f6kning av int\u00e4kterna med 11%. Den positiva utvecklingen forts\u00e4tter och vi ser med sp\u00e4nning fram emot den fortsatta potentialen f\u00f6r tillv\u00e4xt och framg\u00e5ng.<\/div><\/div><\/div><div id=\"div_block-173-200\" class=\"ct-div-block\" ><div id=\"div_block-174-200\" class=\"ct-div-block\" ><\/div><div id=\"div_block-176-200\" class=\"ct-div-block\" ><h2 id=\"headline-177-200\" class=\"ct-headline primary_heading_tak\">St\u00f6rre konferenshotell med spa, restaurang och stugor n\u00e4ra en mellanstor stad<\/h2><div id=\"text_block-178-200\" class=\"ct-text-block primary_body_text\" >Innan vi engagerade oss hade anl\u00e4ggningen stora ekonomiska f\u00f6rluster och siktade p\u00e5 att n\u00e5 break even inom tre \u00e5r. Genom v\u00e5ra strategiska insatser lyckades vi v\u00e4nda utvecklingen och uppn\u00e5 l\u00f6nsamhet p\u00e5 mindre \u00e4n tv\u00e5 \u00e5r. Anm\u00e4rkningsv\u00e4rt \u00e4r att vi tog en imponerande marknadsandel p\u00e5 65% av logiint\u00e4kterna, vilket visar p\u00e5 v\u00e5r effektiva strategi och v\u00e5rt engagemang f\u00f6r excellens.<br><br>Vi ser fortfarande en betydande potential f\u00f6r att ytterligare f\u00f6rb\u00e4ttra resultaten p\u00e5 alla avdelningar.<\/div><\/div><\/div><\/div><\/div><\/section><section id=\"section-179-200\" class=\" ct-section\" ><div class=\"ct-section-inner-wrap\"><div id=\"new_columns-180-200\" class=\"ct-new-columns\" ><div id=\"div_block-181-200\" class=\"ct-div-block\" ><div id=\"div_block-182-200\" class=\"ct-div-block\" ><\/div><div id=\"div_block-183-200\" class=\"ct-div-block\" ><h2 id=\"headline-184-200\" class=\"ct-headline primary_heading_tak\">Vandrarhem i en st\u00f6rre stad<\/h2><div id=\"text_block-185-200\" class=\"ct-text-block primary_body_text\" >Vandrarhemmet ligger strax utanf\u00f6r stadsk\u00e4rnan och erbjuder den unika m\u00f6jligheten att s\u00e4lja n\u00e5gra av rummen som b\u00e5de sovsalar och hotellrum, och vi utnyttjar denna flexibilitet fullt ut. V\u00e5rt aktiva arbete \u00e4r inriktat p\u00e5 att hitta den optimala mixen av g\u00e4ster f\u00f6r att maximera bel\u00e4ggningen.<br><br>Den anm\u00e4rkningsv\u00e4rda framg\u00e5ngen f\u00f6r denna anl\u00e4ggning beror till stor del p\u00e5 v\u00e5r f\u00f6rm\u00e5ga att maximera utnyttjandet av alla tillg\u00e4ngliga s\u00e4ngar. Vi ser ocks\u00e5 betydande m\u00f6jligheter att ytterligare \u00f6ka de totala int\u00e4kterna och l\u00f6nsamheten.<\/div><\/div><\/div><div id=\"div_block-186-200\" class=\"ct-div-block\" ><div id=\"div_block-187-200\" class=\"ct-div-block\" ><\/div><div id=\"div_block-189-200\" class=\"ct-div-block\" ><h2 id=\"headline-190-200\" class=\"ct-headline primary_heading_tak\">Campingplats n\u00e4ra stranden<\/h2><div id=\"text_block-191-200\" class=\"ct-text-block primary_body_text\" >Det \u00e4r verkligen l\u00e4ttare att rapportera exceptionella resultat n\u00e4r man har enast\u00e5ende anl\u00e4ggningar, s\u00e4rskilt om de inte tidigare har arbetat med Revenue Management innan vi blev involverade.<br><br>P\u00e5 den h\u00e4r campingen b\u00f6rjade vi med att omstrukturera priss\u00e4ttningen och inf\u00f6ra flexibla till\u00e4ggstj\u00e4nster f\u00f6r premiumrummen. Vi integrerade ocks\u00e5 v\u00e4dret som en ytterligare parameter i v\u00e5ra prisstrategier, kompletterat med effektiva marknadsf\u00f6ringsinsatser.<br>Resultatet blev att campingen n\u00e5dde sin b\u00e4sta sommars\u00e4song n\u00e5gonsin under det allra f\u00f6rsta \u00e5ret av v\u00e5rt partnerskap, vilket bara var b\u00f6rjan p\u00e5 v\u00e5r resa f\u00f6r att \u00f6ka int\u00e4kterna och l\u00f6nsamheten.<\/div><\/div><\/div><\/div><\/div><\/section><section id=\"section-137-200\" class=\" ct-section\" style=\"background-image:linear-gradient(rgba(255,255,255,0.5), rgba(255,255,255,0.5)), url(https:\/\/taktikon.com\/wp-content\/uploads\/2024\/07\/Camera.jpg);background-size:auto,  cover;\" ><div class=\"ct-section-inner-wrap\"><h2 id=\"headline-138-200\" class=\"ct-headline atomic-secondary-heading\">Vill du ha samma sak f\u00f6r ditt hotell?<\/h2><div id=\"text_block-139-200\" class=\"ct-text-block atomic-subheading\" >Tveka inte att kontakta oss f\u00f6r en detaljerad rapport om vad vi kan g\u00f6ra f\u00f6r dig.<\/div><a id=\"link_button-158-200\" class=\"ct-link-button agencyb-red-outline-button\" href=\"https:\/\/taktikon.com\/sv\/contact-us\/\"   >Kontakta oss f\u00f6r en offert<br><\/a><\/div><\/section>","protected":false},"excerpt":{"rendered":"","protected":false},"author":1,"featured_media":0,"parent":0,"menu_order":0,"comment_status":"closed","ping_status":"closed","template":"","meta":{"_acf_changed":false,"advgb_blocks_editor_width":"","advgb_blocks_columns_visual_guide":"","footnotes":""},"class_list":["post-6763","page","type-page","status-publish","hentry"],"acf":[],"coauthors":[],"author_meta":{"author_link":"https:\/\/taktikon.com\/sv\/author\/basvt\/","display_name":"basvt"},"relative_dates":{"created":"Publicerad 2 \u00e5r sedan","modified":"Uppdaterad 1 \u00e5r sedan"},"absolute_dates":{"created":"Publicerat den 2 september 2024","modified":"Uppdaterad den 24 mars 2025"},"absolute_dates_time":{"created":"Publicerat den 2 september 2024 09:20","modified":"Uppdaterad den 24 mars 2025 09:15"},"featured_img_caption":"","featured_img":false,"series_order":"","_links":{"self":[{"href":"https:\/\/taktikon.com\/sv\/wp-json\/wp\/v2\/pages\/6763","targetHints":{"allow":["GET"]}}],"collection":[{"href":"https:\/\/taktikon.com\/sv\/wp-json\/wp\/v2\/pages"}],"about":[{"href":"https:\/\/taktikon.com\/sv\/wp-json\/wp\/v2\/types\/page"}],"author":[{"embeddable":true,"href":"https:\/\/taktikon.com\/sv\/wp-json\/wp\/v2\/users\/1"}],"replies":[{"embeddable":true,"href":"https:\/\/taktikon.com\/sv\/wp-json\/wp\/v2\/comments?post=6763"}],"version-history":[{"count":7,"href":"https:\/\/taktikon.com\/sv\/wp-json\/wp\/v2\/pages\/6763\/revisions"}],"predecessor-version":[{"id":6940,"href":"https:\/\/taktikon.com\/sv\/wp-json\/wp\/v2\/pages\/6763\/revisions\/6940"}],"wp:attachment":[{"href":"https:\/\/taktikon.com\/sv\/wp-json\/wp\/v2\/media?parent=6763"}],"curies":[{"name":"wp","href":"https:\/\/api.w.org\/{rel}","templated":true}]}}