{"id":6780,"date":"2024-03-22T19:47:06","date_gmt":"2024-03-22T19:47:06","guid":{"rendered":"https:\/\/taktikon.com\/revenue-management\/"},"modified":"2025-03-24T09:34:08","modified_gmt":"2025-03-24T09:34:08","slug":"revenue-management","status":"publish","type":"page","link":"https:\/\/taktikon.com\/sv\/revenue-management\/","title":{"rendered":"Revenue Management"},"content":{"rendered":"<section id=\"section-279-47\" class=\"oxy-video-background ct-section\" ><div class='oxy-video-container'><video autoplay loop playsinline muted><source src='https:\/\/taktikon.com\/wp-content\/uploads\/2024\/09\/New-RM-page.mp4'><\/video><div class='oxy-video-overlay'><\/div><\/div><div class=\"ct-section-inner-wrap\"><div id=\"div_block-285-47\" class=\"ct-div-block\" ><h1 id=\"headline-13-47\" class=\"ct-headline hyperion-heading-two\">Revenue Management<br><\/h1><\/div><\/div><\/section><section id=\"section-612-47\" class=\" ct-section\" style=\"background-image:url(https:\/\/taktikon.com\/wp-content\/uploads\/2024\/06\/ceno_textil.jpg);background-size: cover;\" ><div class=\"ct-section-inner-wrap\"><h1 id=\"headline-616-47\" class=\"ct-headline\">Taktikon: Leading Revenue Management Consultants for the Hospitality Industry.<\/h1><\/div><\/section><section id=\"section-767-47\" class=\" ct-section\" style=\"background-image:url(https:\/\/taktikon.com\/wp-content\/uploads\/2024\/11\/memorial.jpg);background-size: cover;\" ><div class=\"ct-section-inner-wrap\"><div id=\"div_block-768-47\" class=\"ct-div-block\" ><h2 id=\"headline-769-47\" class=\"ct-headline\">Taktikon: Ledande konsulter inom Revenue Management f\u00f6r hotell- och restaurangbranschen.<\/h2><div id=\"text_block-770-47\" class=\"ct-text-block\" >V\u00e5rt team av Revenue Management-experter \u00e4r dedikerade till att hj\u00e4lpa din anl\u00e4ggning att uppn\u00e5 b\u00e4sta m\u00f6jliga resultat, genom att b\u00e5de \u00f6ka bel\u00e4ggningen och int\u00e4kterna. Vi \u00e4r fast beslutna att \u00f6vertr\u00e4ffa f\u00f6rv\u00e4ntningarna genom att utnyttja v\u00e5r expertis f\u00f6r att optimera dina resultat och maximera dina int\u00e4kter.<\/div><a id=\"link-771-47\" class=\"ct-link oxel_icon_button__container\" href=\"https:\/\/taktikon.com\/sv\/revenue-outsourcing\/\"    role=\"button\"><div id=\"text_block-772-47\" class=\"ct-text-block oxel_icon_button_text\" >L\u00e4s mer<br><\/div><\/a><\/div><\/div><\/section><section id=\"section-774-47\" class=\" ct-section\" ><div class=\"ct-section-inner-wrap\"><div id=\"div_block-775-47\" class=\"ct-div-block\" ><h2 id=\"headline-776-47\" class=\"ct-headline\">Letar du efter en Revenue Management-expert som kan ta ansvar f\u00f6r att maximera int\u00e4kterna i din verksamhet?<\/h2><\/div><div id=\"div_block-777-47\" class=\"ct-div-block\" ><div id=\"_rich_text-778-47\" class=\"oxy-rich-text\" ><div class=\"c-text__inner\">\n<div class=\"c-text__lead\">\n<div class=\"c-reveal c-reveal--slide-rotate-up is-revealed intersection-state-enter-any intersection-state-enter-full intersection-state-enter-any-bottom intersection-state-enter-full-bottom\" data-fn-animate=\"\" data-fn-animate-init-add=\"is-revealed\" data-fn-animate-enter-any-add=\"is-revealed\" data-fn-animate-initiated=\"true\">\n<div class=\"c-reveal__inner\">\n<div class=\"c-prose max-w-none\">\n<p>Outsourcing av Revenue Management \u00e4r ett attraktivt alternativ till att anst\u00e4lla en Revenue Manager p\u00e5 heltid, vilket ger dig direkt tillg\u00e5ng till v\u00e5ra Revenue Management-experter som blir en integrerad del av ditt kommersiella team. V\u00e5ra outsourcingtj\u00e4nster inkluderar priss\u00e4ttning, paketering, hantering av din webbplats e-handelsplattform och hantering av OTA-kanaler.<\/p>\n<p>Med v\u00e5rt team av specialister kan vi hj\u00e4lpa dig att utveckla och implementera effektiva strategier f\u00f6r att maximera dina int\u00e4kter och s\u00e4kerst\u00e4lla en framg\u00e5ngsrik online-n\u00e4rvaro, samtidigt som vi hanterar olika paketalternativ f\u00f6r att \u00f6ka din l\u00f6nsamhet. <a href=\"https:\/\/taktikon.com\/sv\/request-a-quote\/\">Beg\u00e4r din offert h\u00e4r.<\/a><\/p>\n<\/div>\n<\/div>\n<\/div>\n<\/div>\n<\/div><\/div><\/div><\/div><\/section><section id=\"section-788-47\" class=\" ct-section\" ><div class=\"ct-section-inner-wrap\"><div id=\"new_columns-789-47\" class=\"ct-new-columns\" ><div id=\"div_block-790-47\" class=\"ct-div-block\" ><div id=\"div_block-791-47\" class=\"ct-div-block\" ><\/div><div id=\"div_block-792-47\" class=\"ct-div-block\" ><h2 id=\"headline-793-47\" class=\"ct-headline primary_heading_tak\">F\u00f6r f\u00f6retag av alla storlekar<\/h2><div id=\"text_block-794-47\" class=\"ct-text-block primary_body_text\" >Oavsett om du \u00e4r ett litet hotell, en resort, en campingplats eller en stor hotellkedja. Kan Revenue Management vara nyckeln till att frig\u00f6ra din fulla potential. Vi arbetar n\u00e4ra dig genom hela processen och str\u00e4var aktivt efter att \u00f6ka dina int\u00e4kter och bel\u00e4ggning. Du kommer att ha en dedikerad kontaktperson som uppr\u00e4tth\u00e5ller n\u00e4ra kommunikation med dig och h\u00e5ller dig uppdaterad om din anl\u00e4ggnings prestanda.<\/div><a id=\"link_button-795-47\" class=\"ct-link-button agencyb-red-outline-button\" href=\"https:\/\/taktikon.com\/sv\/contact-us\/\"   >Kontakta oss<br><\/a><\/div><\/div><div id=\"div_block-796-47\" class=\"ct-div-block\" ><div id=\"div_block-797-47\" class=\"ct-div-block\" ><div id=\"div_block-798-47\" class=\"ct-div-block\" ><\/div><\/div><div id=\"div_block-799-47\" class=\"ct-div-block\" ><h2 id=\"headline-800-47\" class=\"ct-headline primary_heading_tak\">Mentorskap inom Revenue Management<\/h2><div id=\"text_block-801-47\" class=\"ct-text-block primary_body_text\" >Taktikons mentorskapsprogram inom Revenue Management \u00e4r skr\u00e4ddarsytt f\u00f6r att m\u00f6ta dina individuella behov och hj\u00e4lpa dig att optimera int\u00e4kterna. V\u00e5ra erfarna mentorer fungerar som ditt p\u00e5litliga st\u00f6d och arbetar tillsammans med dig f\u00f6r att l\u00f6sa utmaningar och uppn\u00e5 dina m\u00e5l. Oavsett din erfarenhetsniv\u00e5 inom Revenue Management finns vi h\u00e4r f\u00f6r att v\u00e4gleda dig mot l\u00e5ngsiktig framg\u00e5ng.<\/div><a id=\"link_button-802-47\" class=\"ct-link-button agencyb-red-outline-button\" href=\"https:\/\/taktikon.com\/sv\/contact-us\/\"   >Kontakta oss<br><\/a><\/div><\/div><\/div><\/div><\/section><section id=\"section-687-47\" class=\" ct-section\" ><div class=\"ct-section-inner-wrap\"><div id=\"div_block-688-47\" class=\"ct-div-block\" ><h2 id=\"headline-689-47\" class=\"ct-headline\">V\u00e5ra kunder<\/h2><\/div><div id=\"div_block-690-47\" class=\"ct-div-block\" ><div id=\"_rich_text-691-47\" class=\"oxy-rich-text\" ><div class=\"c-text__inner\">\n<div class=\"c-text__lead\">\n<div class=\"c-reveal c-reveal--slide-rotate-up is-revealed intersection-state-enter-any intersection-state-enter-full intersection-state-enter-any-bottom intersection-state-enter-full-bottom\" data-fn-animate=\"\" data-fn-animate-init-add=\"is-revealed\" data-fn-animate-enter-any-add=\"is-revealed\" data-fn-animate-initiated=\"true\">\n<div class=\"c-reveal__inner\">\n<div class=\"c-prose max-w-none\">\n<p>Taktikon samarbetar idag med \u00f6ver 100 anl\u00e4ggningar, fr\u00e5n sm\u00e5 hotell och campingplatser till lyxhotell. Den b\u00e4sta feedbacken vi kan f\u00e5 \u00e4r n\u00e4r v\u00e5ra kunder beskriver oss som en integrerad del av deras ledningsteam. Nedan kan du l\u00e4sa exempel p\u00e5 hur v\u00e5ra experter inom Revenue Management hj\u00e4lper v\u00e5ra kunder att maximera sina int\u00e4kter.<\/p>\n<p>Med v\u00e5rt specialiserade team st\u00f6ttar vi dig i att utveckla och implementera strategier f\u00f6r att \u00f6ka din l\u00f6nsamhet och st\u00e4rka din online-n\u00e4rvaro. Vi erbjuder ocks\u00e5 olika paketalternativ utformade f\u00f6r att optimera din verksamhet. <a href=\"https:\/\/taktikon.com\/sv\/taktikon-business-cases\/\">Utforska v\u00e5ra kundcase h\u00e4r.<\/a><\/p>\n<\/div>\n<\/div>\n<\/div>\n<\/div>\n<\/div><\/div><\/div><\/div><\/section><section id=\"section-782-47\" class=\" ct-section\" style=\"background-image:url(https:\/\/taktikon.com\/wp-content\/uploads\/2024\/09\/Hands.jpg);background-size: cover;\" ><div class=\"ct-section-inner-wrap\"><div id=\"div_block-783-47\" class=\"ct-div-block\" ><h2 id=\"headline-784-47\" class=\"ct-headline\">Revenue Management Audit<\/h2><div id=\"text_block-785-47\" class=\"ct-text-block\" >En Revenue Management Audit syftar till att identifiera int\u00e4ktsm\u00f6jligheter inom din verksamhet och optimera din int\u00e4ktsstrategi. Genom en grundlig analys av int\u00e4kter, kostnader, priss\u00e4ttningsbeslut, kommersiella strategier och andra relevanta faktorer kan du f\u00e5 insikt i hur du kan f\u00f6rb\u00e4ttra din l\u00f6nsamhet och marknadsposition. Oavsett om du \u00e4r ett litet hotell, en resort, en campingplats eller en stor hotellkedja.<\/div><a id=\"link-786-47\" class=\"ct-link oxel_icon_button__container\" href=\"https:\/\/taktikon.com\/sv\/request-a-quote\/\"    role=\"button\"><div id=\"text_block-787-47\" class=\"ct-text-block oxel_icon_button_text\" >F\u00e5 en offert<br><\/div><\/a><\/div><\/div><\/section>","protected":false},"excerpt":{"rendered":"","protected":false},"author":1,"featured_media":0,"parent":0,"menu_order":0,"comment_status":"closed","ping_status":"closed","template":"","meta":{"_acf_changed":false,"advgb_blocks_editor_width":"","advgb_blocks_columns_visual_guide":"","footnotes":""},"class_list":["post-6780","page","type-page","status-publish","hentry"],"acf":[],"coauthors":[],"author_meta":{"author_link":"https:\/\/taktikon.com\/sv\/author\/basvt\/","display_name":"basvt"},"relative_dates":{"created":"Publicerad 2 \u00e5r sedan","modified":"Uppdaterad 1 \u00e5r sedan"},"absolute_dates":{"created":"Publicerat den 22 mars 2024","modified":"Uppdaterad den 24 mars 2025"},"absolute_dates_time":{"created":"Publicerat den 22 mars 2024 19:47","modified":"Uppdaterad den 24 mars 2025 09:34"},"featured_img_caption":"","featured_img":false,"series_order":"","_links":{"self":[{"href":"https:\/\/taktikon.com\/sv\/wp-json\/wp\/v2\/pages\/6780","targetHints":{"allow":["GET"]}}],"collection":[{"href":"https:\/\/taktikon.com\/sv\/wp-json\/wp\/v2\/pages"}],"about":[{"href":"https:\/\/taktikon.com\/sv\/wp-json\/wp\/v2\/types\/page"}],"author":[{"embeddable":true,"href":"https:\/\/taktikon.com\/sv\/wp-json\/wp\/v2\/users\/1"}],"replies":[{"embeddable":true,"href":"https:\/\/taktikon.com\/sv\/wp-json\/wp\/v2\/comments?post=6780"}],"version-history":[{"count":2,"href":"https:\/\/taktikon.com\/sv\/wp-json\/wp\/v2\/pages\/6780\/revisions"}],"predecessor-version":[{"id":6895,"href":"https:\/\/taktikon.com\/sv\/wp-json\/wp\/v2\/pages\/6780\/revisions\/6895"}],"wp:attachment":[{"href":"https:\/\/taktikon.com\/sv\/wp-json\/wp\/v2\/media?parent=6780"}],"curies":[{"name":"wp","href":"https:\/\/api.w.org\/{rel}","templated":true}]}}