{"id":6781,"date":"2024-06-05T08:44:15","date_gmt":"2024-06-05T06:44:15","guid":{"rendered":"https:\/\/taktikon.com\/revenue-outsourcing\/"},"modified":"2025-06-10T10:14:01","modified_gmt":"2025-06-10T10:14:01","slug":"revenue-outsourcing","status":"publish","type":"page","link":"https:\/\/taktikon.com\/sv\/revenue-outsourcing\/","title":{"rendered":"Revenue outsourcing"},"content":{"rendered":"<section id=\"section-775-90\" class=\"oxy-video-background ct-section\" ><div class='oxy-video-container'><video autoplay loop playsinline muted><source src='https:\/\/taktikon.com\/wp-content\/uploads\/2024\/09\/138588-770315514_medium.mp4'><\/video><div class='oxy-video-overlay'><\/div><\/div><div class=\"ct-section-inner-wrap\"><div id=\"div_block-776-90\" class=\"ct-div-block\" ><h1 id=\"headline-777-90\" class=\"ct-headline hyperion-heading-two\">Revenue Outsourcing<\/h1><\/div><\/div><\/section><section id=\"section-612-47\" class=\" ct-section\" style=\"background-image:url(https:\/\/taktikon.com\/wp-content\/uploads\/2024\/06\/Taktikon-Consultancy-Revenue-Outsourcing.jpg);background-size: cover;\" ><div class=\"ct-section-inner-wrap\"><div id=\"div_block-614-47\" class=\"ct-div-block\" ><\/div><h1 id=\"headline-616-47\" class=\"ct-headline\">Do you need a Revenue Management expert to take charge of revenue optimization for your property?<\/h1><\/div><\/section><section id=\"section-598-47\" class=\" ct-section\" style=\"background-image:linear-gradient(rgba(0,0,0,0.23), rgba(0,0,0,0.23)), url(https:\/\/taktikon.com\/wp-content\/uploads\/2024\/07\/Mountin-scaled.jpg);background-size:auto,  cover;\" ><div class=\"ct-section-inner-wrap\"><div id=\"div_block-599-47\" class=\"ct-div-block\" ><h2 id=\"headline-602-47\" class=\"ct-headline\">Letar du efter en expert p\u00e5 Revenue Management?<\/h2><div id=\"text_block-600-47\" class=\"ct-text-block\" >Outsourcing av Revenue Management \u00e4r ett kostnadseffektivt alternativ till att anst\u00e4lla en heltidsanst\u00e4lld Revenue Manager. Med v\u00e5r tj\u00e4nst f\u00e5r du omedelbar tillg\u00e5ng till erfarna experter som smidigt integreras i ditt team. Genom detta samarbete st\u00e4rks b\u00e5de f\u00f6rst\u00e5elsen f\u00f6r och implementeringen av Revenue Management-strategier, vilket resulterar i \u00f6kade int\u00e4kter och en f\u00f6rb\u00e4ttrad \u00f6vergripande prestation.<\/div><a id=\"link-606-47\" class=\"ct-link oxel_icon_button__container\" href=\"https:\/\/taktikon.com\/sv\/request-a-quote\/\"    role=\"button\"><div id=\"text_block-608-47\" class=\"ct-text-block oxel_icon_button_text\" >Beg\u00e4r en offert nu<br><\/div><\/a><\/div><\/div><\/section><section id=\"section-621-47\" class=\" ct-section\" ><div class=\"ct-section-inner-wrap\"><div id=\"div_block-622-47\" class=\"ct-div-block\" ><h2 id=\"headline-624-47\" class=\"ct-headline\">Outsourcing av Revenue Management: Skapar l\u00f6nsamhet<\/h2><\/div><div id=\"div_block-623-47\" class=\"ct-div-block\" ><div id=\"_rich_text-626-47\" class=\"oxy-rich-text\" ><div class=\"c-text__inner\">\n<div class=\"c-text__lead\">\n<div class=\"c-reveal c-reveal--slide-rotate-up is-revealed intersection-state-enter-any intersection-state-enter-full intersection-state-enter-any-bottom intersection-state-enter-full-bottom\" data-fn-animate=\"\" data-fn-animate-init-add=\"is-revealed\" data-fn-animate-enter-any-add=\"is-revealed\" data-fn-animate-initiated=\"true\">\n<div class=\"c-reveal__inner\">\n<div class=\"c-prose max-w-none\">\n<p><span data-contrast=\"auto\">P&aring; Taktikon &auml;r vi drivna och resultatfokuserade. Vi prioriterar viktiga uppgifter och implementerar snabbt Revenue Management-strategier, anpassar oss efter behov samtidigt som vi h&aring;ller de l&aring;ngsiktiga m&aring;len i sikte. Regelbundna uppf&ouml;ljningar s&auml;kerst&auml;ller att vi h&aring;ller oss p&aring; r&auml;tt sp&aring;r, b&aring;de p&aring; kort och l&aring;ng sikt.<\/span><span data-ccp-props=\"{&quot;201341983&quot;:0,&quot;335559739&quot;:160,&quot;335559740&quot;:259}\">&nbsp;<\/span><\/p>\n<p><span data-contrast=\"auto\">Med ett team av erfarna Revenue Managers erbjuder vi f&ouml;rstklassig service fr&aring;n dag ett, &aring;ret runt och garanterar support &auml;ven under semestrar eller sjukfr&aring;nvaro.<\/span><span data-ccp-props=\"{&quot;201341983&quot;:0,&quot;335559739&quot;:160,&quot;335559740&quot;:259}\">&nbsp;<\/span><\/p>\n<p><span data-contrast=\"auto\">V&aring;ra strategier &auml;r skr&auml;ddarsydda f&ouml;r din anl&auml;ggnings specifika behov, och genom att arbeta fr&aring;n Taktikons kontor levererar vi expertkunskap och flexibilitet fr&aring;n dag ett.<\/span><span data-ccp-props=\"{&quot;201341983&quot;:0,&quot;335559739&quot;:160,&quot;335559740&quot;:259}\">&nbsp;<\/span><\/p>\n<\/div>\n<\/div>\n<\/div>\n<\/div>\n<\/div><\/div><\/div><\/div><\/section><section id=\"section-627-47\" class=\" ct-section\" ><div class=\"ct-section-inner-wrap\"><div id=\"new_columns-655-47\" class=\"ct-new-columns\" ><div id=\"div_block-656-47\" class=\"ct-div-block\" ><div id=\"div_block-657-47\" class=\"ct-div-block\" ><\/div><div id=\"div_block-658-47\" class=\"ct-div-block\" ><h2 id=\"headline-659-47\" class=\"ct-headline primary_heading_tak\">Uppn\u00e5 optimala resultat fr\u00e5n f\u00f6rsta dagen <\/h2><div id=\"text_block-660-47\" class=\"ct-text-block primary_body_text\" >Direkt tillg\u00e5ng till Taktikons erfarna Revenue Management-experter garanterar att int\u00e4ktsoptimeringen b\u00f6rjar omedelbart, vilket eliminerar eventuella f\u00f6rseningar fr\u00e5n komplexa \u00f6verl\u00e4mningsprocesser. Vi anv\u00e4nder de senaste branschmetoderna f\u00f6r att hj\u00e4lpa anl\u00e4ggningen att skapa de mest effektiva priss\u00e4ttnings- och distributionsstrategierna. Detta tillv\u00e4gag\u00e5ngss\u00e4tt s\u00e4kerst\u00e4ller att ditt f\u00f6retag maximerar sin ekonomiska potential fr\u00e5n dag ett och driver l\u00e5ngsiktig l\u00f6nsamhet och tillv\u00e4xt genom strategiska insikter och skr\u00e4ddarsydda l\u00f6sningar.<\/div><\/div><\/div><div id=\"div_block-662-47\" class=\"ct-div-block\" ><div id=\"div_block-663-47\" class=\"ct-div-block\" ><div id=\"div_block-664-47\" class=\"ct-div-block\" ><\/div><\/div><div id=\"div_block-665-47\" class=\"ct-div-block\" ><h2 id=\"headline-666-47\" class=\"ct-headline primary_heading_tak\">Kostnadsbesparingar med en erfaren hotellkonsult<\/h2><div id=\"text_block-667-47\" class=\"ct-text-block primary_body_text\" >Att outsourca Revenue Management till Taktikon och v\u00e5r hotellkonsult-tj\u00e4nst \u00e4r ett mycket kostnadseffektivt alternativ till att anst\u00e4lla en Revenue Manager p\u00e5 heltid. Taktikon tar fullt ansvar f\u00f6r alla Revenue Management-uppgifter och erbjuder expertis fr\u00e5n en kunnig hotellkonsult, vilket g\u00f6r att din anl\u00e4ggning kan dra nytta av strategier utan behov av ytterligare rekrytering, utbildning eller l\u00e5nga introduktionsprocesser. V\u00e5rt tillv\u00e4gag\u00e5ngss\u00e4tt som hotellkonsult s\u00e4kerst\u00e4ller att din int\u00e4ktspotential maximeras medan du kan fokusera p\u00e5 de viktigaste aspekterna av att driva ditt f\u00f6retag.<\/div><\/div><\/div><\/div><\/div><\/section><section id=\"section-739-47\" class=\" ct-section\" ><div class=\"ct-section-inner-wrap\"><div id=\"new_columns-740-47\" class=\"ct-new-columns\" ><div id=\"div_block-741-47\" class=\"ct-div-block\" ><div id=\"div_block-742-47\" class=\"ct-div-block\" ><\/div><div id=\"div_block-743-47\" class=\"ct-div-block\" ><h2 id=\"headline-744-47\" class=\"ct-headline primary_heading_tak\">\u00d6kad marknadsandel <\/h2><div id=\"text_block-745-47\" class=\"ct-text-block primary_body_text\" >Taktikons experter p\u00e5 Revenue Management arbetar flitigt f\u00f6r att ge anl\u00e4ggningarna en betydande f\u00f6rdel gentemot sina konkurrenter genom att vara smartare och skickligare. V\u00e5rt m\u00e5l \u00e4r att \u00f6ka int\u00e4kterna med minst tre procent mer \u00e4n konkurrenterna. D\u00e4rf\u00f6r \u00e4r benchmarking-rapporter en viktig del av v\u00e5r process. <\/div><\/div><\/div><div id=\"div_block-747-47\" class=\"ct-div-block\" ><div id=\"div_block-748-47\" class=\"ct-div-block\" ><div id=\"div_block-749-47\" class=\"ct-div-block\" ><\/div><\/div><div id=\"div_block-750-47\" class=\"ct-div-block\" ><h2 id=\"headline-751-47\" class=\"ct-headline primary_heading_tak\">Mer fokus p\u00e5 f\u00f6rs\u00e4ljning och drift <\/h2><div id=\"text_block-752-47\" class=\"ct-text-block primary_body_text\" >Att driva ett hotell \u00e4r b\u00e5de komplext och tidskr\u00e4vande. Genom att outsourca Revenue Management kan arbetsb\u00f6rdan minskas avsev\u00e4rt. Taktikon tar hand om Revenue Management i n\u00e4ra samarbete med teamet p\u00e5 plats, vilket frig\u00f6r tid f\u00f6r General Manager och avdelningschefer att fokusera p\u00e5 att optimera hotellets \u00f6vergripande prestation.<\/div><\/div><\/div><\/div><\/div><\/section><section id=\"section-687-47\" class=\" ct-section\" ><div class=\"ct-section-inner-wrap\"><div id=\"div_block-688-47\" class=\"ct-div-block\" ><h2 id=\"headline-689-47\" class=\"ct-headline\">Taktikons tillv\u00e4gag\u00e5ngss\u00e4tt <\/h2><\/div><div id=\"div_block-690-47\" class=\"ct-div-block\" ><div id=\"_rich_text-691-47\" class=\"oxy-rich-text\" ><div class=\"c-text__inner\">\n<div class=\"c-text__lead\">\n<div class=\"c-reveal c-reveal--slide-rotate-up is-revealed intersection-state-enter-any intersection-state-enter-full intersection-state-enter-any-bottom intersection-state-enter-full-bottom\" data-fn-animate=\"\" data-fn-animate-init-add=\"is-revealed\" data-fn-animate-enter-any-add=\"is-revealed\" data-fn-animate-initiated=\"true\">\n<div class=\"c-reveal__inner\">\n<div class=\"c-prose max-w-none\"><span data-contrast=\"auto\">Vi hj&auml;lper f&ouml;retag att definiera sitt &ouml;nskade framtida tillst&aring;nd. V&aring;rt arbetss&auml;tt bygger p&aring; PDCA-processen (Plan, Do, Check, Adjust), en kontinuerlig metod som inneb&auml;r att man planerar, genomf&ouml;r, utv&auml;rderar och justerar i en cyklisk process.<\/span><span data-ccp-props=\"{&quot;201341983&quot;:0,&quot;335559739&quot;:160,&quot;335559740&quot;:259}\">&nbsp;<\/span> <span data-contrast=\"auto\">Planera: Vi b&ouml;rjar med en grundlig analys av den nuvarande situationen, inklusive hur Revenue Management anv&auml;nds, vilka nyckeltal som m&auml;ts, vad som fungerar bra, vad som kan f&ouml;rb&auml;ttras, vilka utmaningar som finns och om de kan hanteras.<\/span><span data-ccp-props=\"{&quot;201341983&quot;:0,&quot;335559739&quot;:160,&quot;335559740&quot;:259}\">&nbsp;<\/span><\/div>\n<div class=\"c-prose max-w-none\"><span data-contrast=\"auto\">G&ouml;r: N&auml;sta steg inneb&auml;r att vi testar v&aring;ra resultat i praktiken. Vi genomf&ouml;r sm&aring; f&ouml;r&auml;ndringar, utv&auml;rderar resultaten och g&ouml;r ytterligare f&ouml;rb&auml;ttringar.<\/span><span data-ccp-props=\"{&quot;201341983&quot;:0,&quot;335559739&quot;:160,&quot;335559740&quot;:259}\">&nbsp;<\/span><\/div>\n<div class=\"c-prose max-w-none\"><span data-contrast=\"auto\">Kontroll: Taktikon genomf&ouml;r l&ouml;pande kontroller f&ouml;r att s&auml;kerst&auml;lla att f&ouml;rb&auml;ttringar konsekvent testas i verkliga scenarier.<\/span><span data-ccp-props=\"{&quot;201341983&quot;:0,&quot;335559739&quot;:160,&quot;335559740&quot;:259}\">&nbsp;<\/span>&nbsp;<\/div>\n<div>&nbsp;<\/div>\n<div class=\"c-prose max-w-none\"><strong><span data-contrast=\"auto\">Steg 1: Revenue Management Granskning<\/span><\/strong><span data-ccp-props=\"{&quot;201341983&quot;:0,&quot;335559739&quot;:160,&quot;335559740&quot;:259}\">&nbsp;<\/span> <span data-contrast=\"auto\">Innan vi p&aring;b&ouml;rjar ett Revenue Management Outsourcing-projekt genomf&ouml;r vi alltid en marknadsanalys f&ouml;r att optimera resultaten p&aring; b&auml;sta m&ouml;jliga s&auml;tt.&nbsp;<\/span>En Revenue Management-revision kan inneh&aring;lla f&ouml;ljande komponenter:\n<ul>\n<li data-leveltext=\"\uf0b7\" data-font=\"Symbol\" data-listid=\"1\" data-list-defn-props=\"{&quot;335552541&quot;:1,&quot;335559685&quot;:720,&quot;335559991&quot;:360,&quot;469769226&quot;:&quot;Symbol&quot;,&quot;469769242&quot;:[8226],&quot;469777803&quot;:&quot;left&quot;,&quot;469777804&quot;:&quot;\uf0b7&quot;,&quot;469777815&quot;:&quot;multilevel&quot;}\" aria-setsize=\"-1\" data-aria-posinset=\"1\" data-aria-level=\"1\"><span data-ccp-props=\"{&quot;201341983&quot;:0,&quot;335559739&quot;:160,&quot;335559740&quot;:259}\">Analys av priss&auml;ttning i f&ouml;rh&aring;llande till omd&ouml;men. <\/span><\/li>\n<\/ul>\n<ul>\n<li data-leveltext=\"\uf0b7\" data-font=\"Symbol\" data-listid=\"1\" data-list-defn-props=\"{&quot;335552541&quot;:1,&quot;335559685&quot;:720,&quot;335559991&quot;:360,&quot;469769226&quot;:&quot;Symbol&quot;,&quot;469769242&quot;:[8226],&quot;469777803&quot;:&quot;left&quot;,&quot;469777804&quot;:&quot;\uf0b7&quot;,&quot;469777815&quot;:&quot;multilevel&quot;}\" aria-setsize=\"-1\" data-aria-posinset=\"2\" data-aria-level=\"1\"><span data-contrast=\"auto\">OTA (Online Travel Agency) resultatrapport.<\/span><span data-ccp-props=\"{&quot;201341983&quot;:0,&quot;335559739&quot;:160,&quot;335559740&quot;:259}\"> <br \/><\/span><\/li>\n<\/ul>\n<ul>\n<li data-leveltext=\"\uf0b7\" data-font=\"Symbol\" data-listid=\"1\" data-list-defn-props=\"{&quot;335552541&quot;:1,&quot;335559685&quot;:720,&quot;335559991&quot;:360,&quot;469769226&quot;:&quot;Symbol&quot;,&quot;469769242&quot;:[8226],&quot;469777803&quot;:&quot;left&quot;,&quot;469777804&quot;:&quot;\uf0b7&quot;,&quot;469777815&quot;:&quot;multilevel&quot;}\" aria-setsize=\"-1\" data-aria-posinset=\"3\" data-aria-level=\"1\"><span data-contrast=\"auto\">Analys av marknadsmix.<\/span><span data-ccp-props=\"{&quot;201341983&quot;:0,&quot;335559739&quot;:160,&quot;335559740&quot;:259}\">&nbsp;<\/span><\/li>\n<\/ul>\n<ul>\n<li data-leveltext=\"\uf0b7\" data-font=\"Symbol\" data-listid=\"1\" data-list-defn-props=\"{&quot;335552541&quot;:1,&quot;335559685&quot;:720,&quot;335559991&quot;:360,&quot;469769226&quot;:&quot;Symbol&quot;,&quot;469769242&quot;:[8226],&quot;469777803&quot;:&quot;left&quot;,&quot;469777804&quot;:&quot;\uf0b7&quot;,&quot;469777815&quot;:&quot;multilevel&quot;}\" aria-setsize=\"-1\" data-aria-posinset=\"4\" data-aria-level=\"1\"><span data-contrast=\"auto\">Benchmarking och Fair Share-rapport.<\/span><span data-ccp-props=\"{&quot;201341983&quot;:0,&quot;335559739&quot;:160,&quot;335559740&quot;:259}\">&nbsp;<\/span><\/li>\n<\/ul>\n<strong><span data-contrast=\"auto\">Steg 2: Implementering av Revenue Outsourcing<\/span><\/strong><span data-ccp-props=\"{&quot;201341983&quot;:0,&quot;335559739&quot;:160,&quot;335559740&quot;:259}\">&nbsp;<\/span>&nbsp;F&ouml;r att p&aring;b&ouml;rja Revenue Management Outsourcing beh&ouml;ver Taktikon endast tillg&aring;ng till olika system. Efter att ha genomf&ouml;rt m&aring;nga projekt &ouml;ver hela Europa &auml;r vi bekanta med de flesta system och beh&ouml;ver ingen ytterligare utbildning.\n<ul>\n<li data-leveltext=\"\uf0b7\" data-font=\"Symbol\" data-listid=\"2\" data-list-defn-props=\"{&quot;335552541&quot;:1,&quot;335559685&quot;:720,&quot;335559991&quot;:360,&quot;469769226&quot;:&quot;Symbol&quot;,&quot;469769242&quot;:[8226],&quot;469777803&quot;:&quot;left&quot;,&quot;469777804&quot;:&quot;\uf0b7&quot;,&quot;469777815&quot;:&quot;multilevel&quot;}\" aria-setsize=\"-1\" data-aria-posinset=\"1\" data-aria-level=\"1\"><span data-contrast=\"auto\">Property Management System (PMS).<\/span><span data-ccp-props=\"{&quot;201341983&quot;:0,&quot;335559739&quot;:160,&quot;335559740&quot;:259}\">&nbsp;<\/span><\/li>\n<\/ul>\n<ul>\n<li data-leveltext=\"\uf0b7\" data-font=\"Symbol\" data-listid=\"2\" data-list-defn-props=\"{&quot;335552541&quot;:1,&quot;335559685&quot;:720,&quot;335559991&quot;:360,&quot;469769226&quot;:&quot;Symbol&quot;,&quot;469769242&quot;:[8226],&quot;469777803&quot;:&quot;left&quot;,&quot;469777804&quot;:&quot;\uf0b7&quot;,&quot;469777815&quot;:&quot;multilevel&quot;}\" aria-setsize=\"-1\" data-aria-posinset=\"2\" data-aria-level=\"1\"><span data-contrast=\"auto\">Channel Management System \/ Central Reservations System (CRS).<\/span><span data-ccp-props=\"{&quot;201341983&quot;:0,&quot;335559739&quot;:160,&quot;335559740&quot;:259}\">&nbsp;<\/span><\/li>\n<\/ul>\n<ul>\n<li data-leveltext=\"\uf0b7\" data-font=\"Symbol\" data-listid=\"2\" data-list-defn-props=\"{&quot;335552541&quot;:1,&quot;335559685&quot;:720,&quot;335559991&quot;:360,&quot;469769226&quot;:&quot;Symbol&quot;,&quot;469769242&quot;:[8226],&quot;469777803&quot;:&quot;left&quot;,&quot;469777804&quot;:&quot;\uf0b7&quot;,&quot;469777815&quot;:&quot;multilevel&quot;}\" aria-setsize=\"-1\" data-aria-posinset=\"3\" data-aria-level=\"1\"><span data-contrast=\"auto\">Rate Shopping Tools.<\/span><span data-ccp-props=\"{&quot;201341983&quot;:0,&quot;335559739&quot;:160,&quot;335559740&quot;:259}\">&nbsp;<\/span><\/li>\n<\/ul>\n<ul>\n<li data-leveltext=\"\uf0b7\" data-font=\"Symbol\" data-listid=\"2\" data-list-defn-props=\"{&quot;335552541&quot;:1,&quot;335559685&quot;:720,&quot;335559991&quot;:360,&quot;469769226&quot;:&quot;Symbol&quot;,&quot;469769242&quot;:[8226],&quot;469777803&quot;:&quot;left&quot;,&quot;469777804&quot;:&quot;\uf0b7&quot;,&quot;469777815&quot;:&quot;multilevel&quot;}\" aria-setsize=\"-1\" data-aria-posinset=\"4\" data-aria-level=\"1\"><span data-contrast=\"auto\">Benchmarking.<\/span><span data-ccp-props=\"{&quot;201341983&quot;:0,&quot;335559739&quot;:160,&quot;335559740&quot;:259}\">&nbsp;<\/span><\/li>\n<\/ul>\n<strong><span data-contrast=\"auto\">Steg 3: Vi &auml;r ig&aring;ng och k&ouml;r<\/span><\/strong><span data-ccp-props=\"{&quot;201341983&quot;:0,&quot;335559739&quot;:160,&quot;335559740&quot;:259}\">&nbsp;<\/span>&nbsp;Taktikon f&ouml;ljer Revenue Management Wheel, vilket inneb&auml;r att vi kontinuerligt testar och utv&auml;rderar v&aring;ra prestationer. Det &auml;r s&aring; vi har blivit, och forts&auml;tter att vara, b&auml;st inom v&aring;rt omr&aring;de.\n<ul>\n<li data-leveltext=\"\uf0b7\" data-font=\"Symbol\" data-listid=\"3\" data-list-defn-props=\"{&quot;335552541&quot;:1,&quot;335559685&quot;:720,&quot;335559991&quot;:360,&quot;469769226&quot;:&quot;Symbol&quot;,&quot;469769242&quot;:[8226],&quot;469777803&quot;:&quot;left&quot;,&quot;469777804&quot;:&quot;\uf0b7&quot;,&quot;469777815&quot;:&quot;multilevel&quot;}\" aria-setsize=\"-1\" data-aria-posinset=\"1\" data-aria-level=\"1\"><strong><span data-contrast=\"auto\">Analys:<\/span><\/strong> Vi b&ouml;rjar med en SWOT-analys, identifierar faktorer som p&aring;verkar efterfr&aring;gan, bed&ouml;mer f&ouml;retagets marknadsposition, unders&ouml;ker kundbeteende, granskar tidigare f&ouml;rs&auml;ljningsresultat och analyserar benchmarkingrapporter.<\/li>\n<\/ul>\n<ul>\n<li data-leveltext=\"\uf0b7\" data-font=\"Symbol\" data-listid=\"3\" data-list-defn-props=\"{&quot;335552541&quot;:1,&quot;335559685&quot;:720,&quot;335559991&quot;:360,&quot;469769226&quot;:&quot;Symbol&quot;,&quot;469769242&quot;:[8226],&quot;469777803&quot;:&quot;left&quot;,&quot;469777804&quot;:&quot;\uf0b7&quot;,&quot;469777815&quot;:&quot;multilevel&quot;}\" aria-setsize=\"-1\" data-aria-posinset=\"2\" data-aria-level=\"1\"><strong><span data-contrast=\"auto\">Prognos:<\/span><\/strong><span data-contrast=\"auto\"> Vi prognostiserar efterfr&aring;gan genom att g&ouml;ra en marknadsprognos som tar h&auml;nsyn till faktorer som p&aring;verkar efterfr&aring;gan, ledtider och kundbeteende.<\/span><span data-ccp-props=\"{&quot;201341983&quot;:0,&quot;335559739&quot;:160,&quot;335559740&quot;:259}\">&nbsp;<\/span><\/li>\n<\/ul>\n<ul>\n<li data-leveltext=\"\uf0b7\" data-font=\"Symbol\" data-listid=\"3\" data-list-defn-props=\"{&quot;335552541&quot;:1,&quot;335559685&quot;:720,&quot;335559991&quot;:360,&quot;469769226&quot;:&quot;Symbol&quot;,&quot;469769242&quot;:[8226],&quot;469777803&quot;:&quot;left&quot;,&quot;469777804&quot;:&quot;\uf0b7&quot;,&quot;469777815&quot;:&quot;multilevel&quot;}\" aria-setsize=\"-1\" data-aria-posinset=\"3\" data-aria-level=\"1\"><strong><span data-contrast=\"auto\">Strategi:<\/span><\/strong><span data-contrast=\"auto\">Analysen och prognosen leder fram till utvecklingen av den optimala strategin. H&auml;r skapar vi b&auml;sta m&ouml;jliga priss&auml;ttnings- och distributionsstrategi och identifierar de optimala f&ouml;rs&auml;ljnings- och marknadsf&ouml;ringsaktiviteterna.<\/span><span data-ccp-props=\"{&quot;201341983&quot;:0,&quot;335559739&quot;:160,&quot;335559740&quot;:259}\">&nbsp;<\/span><\/li>\n<\/ul>\n<ul>\n<li data-leveltext=\"\uf0b7\" data-font=\"Symbol\" data-listid=\"3\" data-list-defn-props=\"{&quot;335552541&quot;:1,&quot;335559685&quot;:720,&quot;335559991&quot;:360,&quot;469769226&quot;:&quot;Symbol&quot;,&quot;469769242&quot;:[8226],&quot;469777803&quot;:&quot;left&quot;,&quot;469777804&quot;:&quot;\uf0b7&quot;,&quot;469777815&quot;:&quot;multilevel&quot;}\" aria-setsize=\"-1\" data-aria-posinset=\"4\" data-aria-level=\"1\"><strong><span data-contrast=\"auto\">Implementering:<\/span><\/strong><span data-contrast=\"auto\"> Vi verkst&auml;ller och kommunicerar v&aring;r strategi till relevanta avdelningar.<\/span><span data-ccp-props=\"{&quot;201341983&quot;:0,&quot;335559739&quot;:160,&quot;335559740&quot;:259}\">&nbsp;<\/span><\/li>\n<\/ul>\n<ul>\n<li data-leveltext=\"\uf0b7\" data-font=\"Symbol\" data-listid=\"3\" data-list-defn-props=\"{&quot;335552541&quot;:1,&quot;335559685&quot;:720,&quot;335559991&quot;:360,&quot;469769226&quot;:&quot;Symbol&quot;,&quot;469769242&quot;:[8226],&quot;469777803&quot;:&quot;left&quot;,&quot;469777804&quot;:&quot;\uf0b7&quot;,&quot;469777815&quot;:&quot;multilevel&quot;}\" aria-setsize=\"-1\" data-aria-posinset=\"5\" data-aria-level=\"1\"><strong><span data-contrast=\"auto\">Utv&auml;rdering:<\/span><\/strong><span data-contrast=\"auto\"> I det h&auml;r steget analyserar vi resultaten av v&aring;ra strategier f&ouml;r att st&auml;ndigt f&ouml;rb&auml;ttra oss. Vad fungerade bra? Hur kan vi anv&auml;nda den insikten f&ouml;r att f&ouml;rb&auml;ttra oss? Vad fungerade inte lika bra? Vad har vi l&auml;rt oss av det?<\/span><span data-ccp-props=\"{&quot;201341983&quot;:0,&quot;335559739&quot;:160,&quot;335559740&quot;:259}\"> <br \/><\/span><\/li>\n<\/ul>\n<span data-ccp-props=\"{&quot;201341983&quot;:0,&quot;335559739&quot;:160,&quot;335559740&quot;:259}\">&nbsp;<\/span><\/div>\n<\/div>\n<\/div>\n<\/div>\n<\/div><\/div><div id=\"new_columns-767-90\" class=\"ct-new-columns\" ><div id=\"div_block-768-90\" class=\"ct-div-block\" ><img decoding=\"async\"  id=\"image-772-90\" alt=\"\" src=\"https:\/\/taktikon.com\/wp-content\/uploads\/2024\/09\/PDCA-Method.png\" class=\"ct-image\" srcset-disabled=\"https:\/\/taktikon.com\/wp-content\/uploads\/2024\/09\/PDCA-Method.png 400w, https:\/\/taktikon.com\/wp-content\/uploads\/2024\/09\/PDCA-Method-300x300.png 300w, https:\/\/taktikon.com\/wp-content\/uploads\/2024\/09\/PDCA-Method-150x150.png 150w\" sizes=\"(max-width: 400px) 100vw, 400px\" \/><\/div><div id=\"div_block-769-90\" class=\"ct-div-block\" ><img decoding=\"async\"  id=\"image-773-90\" alt=\"\" src=\"https:\/\/taktikon.com\/wp-content\/uploads\/2024\/09\/Revenue-Cycle.png\" class=\"ct-image\" srcset-disabled=\"https:\/\/taktikon.com\/wp-content\/uploads\/2024\/09\/Revenue-Cycle.png 400w, https:\/\/taktikon.com\/wp-content\/uploads\/2024\/09\/Revenue-Cycle-300x300.png 300w, https:\/\/taktikon.com\/wp-content\/uploads\/2024\/09\/Revenue-Cycle-150x150.png 150w\" sizes=\"(max-width: 400px) 100vw, 400px\" \/><\/div><\/div><\/div><\/div><\/section>","protected":false},"excerpt":{"rendered":"","protected":false},"author":1,"featured_media":0,"parent":0,"menu_order":0,"comment_status":"closed","ping_status":"closed","template":"","meta":{"_acf_changed":false,"advgb_blocks_editor_width":"","advgb_blocks_columns_visual_guide":"","footnotes":""},"class_list":["post-6781","page","type-page","status-publish","hentry"],"acf":[],"coauthors":[],"author_meta":{"author_link":"https:\/\/taktikon.com\/sv\/author\/basvt\/","display_name":"basvt"},"relative_dates":{"created":"Publicerad 2 \u00e5r sedan","modified":"Uppdaterad 10 m\u00e5nader sedan"},"absolute_dates":{"created":"Publicerat den 5 juni 2024","modified":"Uppdaterad den 10 juni 2025"},"absolute_dates_time":{"created":"Publicerat den 5 juni 2024 08:44","modified":"Uppdaterad den 10 juni 2025 10:14"},"featured_img_caption":"","featured_img":false,"series_order":"","_links":{"self":[{"href":"https:\/\/taktikon.com\/sv\/wp-json\/wp\/v2\/pages\/6781","targetHints":{"allow":["GET"]}}],"collection":[{"href":"https:\/\/taktikon.com\/sv\/wp-json\/wp\/v2\/pages"}],"about":[{"href":"https:\/\/taktikon.com\/sv\/wp-json\/wp\/v2\/types\/page"}],"author":[{"embeddable":true,"href":"https:\/\/taktikon.com\/sv\/wp-json\/wp\/v2\/users\/1"}],"replies":[{"embeddable":true,"href":"https:\/\/taktikon.com\/sv\/wp-json\/wp\/v2\/comments?post=6781"}],"version-history":[{"count":11,"href":"https:\/\/taktikon.com\/sv\/wp-json\/wp\/v2\/pages\/6781\/revisions"}],"predecessor-version":[{"id":7293,"href":"https:\/\/taktikon.com\/sv\/wp-json\/wp\/v2\/pages\/6781\/revisions\/7293"}],"wp:attachment":[{"href":"https:\/\/taktikon.com\/sv\/wp-json\/wp\/v2\/media?parent=6781"}],"curies":[{"name":"wp","href":"https:\/\/api.w.org\/{rel}","templated":true}]}}