{"id":6848,"date":"2024-06-18T12:23:46","date_gmt":"2024-06-18T12:23:46","guid":{"rendered":"https:\/\/taktikon.com\/granskning-av-intakter\/"},"modified":"2025-03-24T10:16:06","modified_gmt":"2025-03-24T10:16:06","slug":"revenue-audits","status":"publish","type":"page","link":"https:\/\/taktikon.com\/sv\/revenue-audits\/","title":{"rendered":"Revenue Audits"},"content":{"rendered":"<section id=\"section-279-47\" class=\" ct-section\" style=\"background-image:url(https:\/\/taktikon.com\/wp-content\/uploads\/2024\/09\/lavender.jpg);background-size: cover;\" ><div class=\"ct-section-inner-wrap\"><div id=\"div_block-285-47\" class=\"ct-div-block\" ><h1 id=\"headline-13-47\" class=\"ct-headline hyperion-heading-two\">Revenue Management Audits<br><\/h1><\/div><\/div><\/section><section id=\"section-621-47\" class=\" ct-section\" ><div class=\"ct-section-inner-wrap\"><div id=\"div_block-622-47\" class=\"ct-div-block\" ><h2 id=\"headline-624-47\" class=\"ct-headline\">Maximera vinsten med en skr\u00e4ddarsydd Revenue Management Audit<\/h2><\/div><div id=\"div_block-623-47\" class=\"ct-div-block\" ><div id=\"_rich_text-626-47\" class=\"oxy-rich-text\" ><div class=\"c-text__inner\"><div class=\"c-text__lead\"><div class=\"c-reveal c-reveal--slide-rotate-up is-revealed intersection-state-enter-any intersection-state-enter-full intersection-state-enter-any-bottom intersection-state-enter-full-bottom\" data-fn-animate=\"\" data-fn-animate-init-add=\"is-revealed\" data-fn-animate-enter-any-add=\"is-revealed\" data-fn-animate-initiated=\"true\"><div class=\"c-reveal__inner\"><div class=\"c-prose max-w-none\"><p>En Revenue Management Audit hj\u00e4lper till att identifiera outnyttjade int\u00e4ktsm\u00f6jligheter och optimera din strategi. Genom en detaljerad analys av din priss\u00e4ttning, kostnader och kommersiella tillv\u00e4gag\u00e5ngss\u00e4tt ger vi insikter f\u00f6r att \u00f6ka l\u00f6nsamheten och f\u00f6rb\u00e4ttra marknadspositioneringen.<\/p><p>Oavsett om du \u00e4r ett litet hotell eller en stor kedja, \u00e4r revisionen anpassad efter dina behov. Med b\u00e5de p\u00e5 plats och externa utv\u00e4rderingar \u00e4r processen flexibel f\u00f6r att passa dina aff\u00e4rsm\u00e5l.<\/p><p>L\u00e5s upp ny int\u00e4ktspotential med en Revenue Management Audit designad f\u00f6r din framg\u00e5ng.<\/p><\/div><\/div><\/div><\/div><\/div><\/div><\/div><\/div><\/section><section id=\"section-627-47\" class=\" ct-section\" ><div class=\"ct-section-inner-wrap\"><div id=\"new_columns-655-47\" class=\"ct-new-columns\" ><div id=\"div_block-656-47\" class=\"ct-div-block\" ><div id=\"div_block-657-47\" class=\"ct-div-block\" ><\/div><div id=\"div_block-658-47\" class=\"ct-div-block\" ><h2 id=\"headline-659-47\" class=\"ct-headline primary_heading_tak\">Uppt\u00e4ck nya int\u00e4ktsm\u00f6jligheter<\/h2><div id=\"text_block-660-47\" class=\"ct-text-block primary_body_text\" >En Revenue Management Audit utv\u00e4rderar ditt f\u00f6retag f\u00f6r att identifiera unika int\u00e4ktsm\u00f6jligheter. Detta inkluderar en analys av granskningsresultat, int\u00e4ktshanteringsmetoder, priss\u00e4ttningsstrategier, kommersiell struktur och distributionspotential. Revisionen utf\u00f6rs delvis p\u00e5 plats och levererar en omfattande rapport med genomf\u00f6rbara m\u00e5l och int\u00e4ktsh\u00f6jande strategier.<br><br>Nyckelkomponenter i revisionen inkluderar ofta:<br>- Djupg\u00e5ende marknadsanalys med benchmarkingrapporter<br>- Konkurrens- och SWOT-analys<br>- Utv\u00e4rdering av onlinef\u00f6rs\u00e4ljnings- och distributionsstrategier<br>- Analys av nuvarande och potentiell kundsegmentering<br>- Granskning av befintliga verktyg och rapporter (prognoser, budgetering, f\u00f6rs\u00e4ljning)<br>- Bed\u00f6mning av IT-behov och system\u00e5tkomst.<\/div><\/div><\/div><div id=\"div_block-662-47\" class=\"ct-div-block\" ><div id=\"div_block-663-47\" class=\"ct-div-block\" ><div id=\"div_block-664-47\" class=\"ct-div-block\" ><\/div><\/div><div id=\"div_block-665-47\" class=\"ct-div-block\" ><h2 id=\"headline-666-47\" class=\"ct-headline primary_heading_tak\">Budgeteringsfas<\/h2><div id=\"text_block-667-47\" class=\"ct-text-block primary_body_text\" >F\u00f6r att uppn\u00e5 n\u00e4sta \u00e5rs m\u00e5l kr\u00e4vs en grundlig studie som t\u00e4cker konkurrentstrategier, riktad segmentering och den mest effektiva distributionsstrategin f\u00f6r att maximera nettoresultatet. Vid sidan av budgeten kan en marknads- och f\u00f6rs\u00e4ljningsplan tas fram. \u00c4ven om dessa studier tar tid, ger de en solid grund som \u00e4r avg\u00f6rande f\u00f6r att n\u00e5 f\u00f6retagets m\u00e5l.<\/div><\/div><\/div><\/div><\/div><\/section><section id=\"section-687-47\" class=\" ct-section\" ><div class=\"ct-section-inner-wrap\"><div id=\"div_block-688-47\" class=\"ct-div-block\" ><h2 id=\"headline-689-47\" class=\"ct-headline\"> Implementeringsfas<\/h2><\/div><div id=\"div_block-690-47\" class=\"ct-div-block\" ><div id=\"_rich_text-691-47\" class=\"oxy-rich-text\" ><div class=\"c-text__inner\">\n<div class=\"c-text__lead\">\n<div class=\"c-reveal c-reveal--slide-rotate-up is-revealed intersection-state-enter-any intersection-state-enter-full intersection-state-enter-any-bottom intersection-state-enter-full-bottom\" data-fn-animate=\"\" data-fn-animate-init-add=\"is-revealed\" data-fn-animate-enter-any-add=\"is-revealed\" data-fn-animate-initiated=\"true\">\n<div class=\"c-reveal__inner\">\n<div class=\"c-prose max-w-none\">\n<p>Denna fas inkluderar skr&auml;ddarsydd utbildning, diskussioner, m&ouml;ten, praktisk implementering och systemuppdateringar. F&ouml;r att s&auml;kerst&auml;lla att int&auml;ktsrevisionen leder till l&aring;ngsiktig int&auml;ktstillv&auml;xt kommer ditt team att vara involverat i varje steg. D&auml;r det &auml;r m&ouml;jligt kan delar av implementeringen l&auml;ggas ut p&aring; entreprenad, med en av Taktikons konsulter som &ouml;vervakar systemuppdateringar och s&auml;kerst&auml;ller en effektiv till&auml;mpning av Revenue Management-principerna. L&auml;r dig mer om Taktikon's <a href=\"..\/sv\/revenue-outsourcing\/\">Revenue Management Outsourcing-program h&auml;r<\/a>.<\/p>\n<p>Beroende p&aring; dina behov kan implementeringsfasen ta allt fr&aring;n en vecka till flera m&aring;nader. En uppf&ouml;ljning g&ouml;rs sex m&aring;nader efter slutf&ouml;randet f&ouml;r att s&auml;kerst&auml;lla att l&aring;ngsiktiga m&aring;l uppn&aring;s.<\/p>\n<\/div>\n<\/div>\n<\/div>\n<\/div>\n<\/div><\/div><\/div><\/div><\/section>","protected":false},"excerpt":{"rendered":"","protected":false},"author":1,"featured_media":0,"parent":0,"menu_order":0,"comment_status":"closed","ping_status":"closed","template":"","meta":{"_acf_changed":false,"advgb_blocks_editor_width":"","advgb_blocks_columns_visual_guide":"","footnotes":""},"class_list":["post-6848","page","type-page","status-publish","hentry"],"acf":[],"coauthors":[],"author_meta":{"author_link":"https:\/\/taktikon.com\/sv\/author\/basvt\/","display_name":"basvt"},"relative_dates":{"created":"Publicerad 2 \u00e5r sedan","modified":"Uppdaterad 1 \u00e5r sedan"},"absolute_dates":{"created":"Publicerat den 18 juni 2024","modified":"Uppdaterad den 24 mars 2025"},"absolute_dates_time":{"created":"Publicerat den 18 juni 2024 12:23","modified":"Uppdaterad den 24 mars 2025 10:16"},"featured_img_caption":"","featured_img":false,"series_order":"","_links":{"self":[{"href":"https:\/\/taktikon.com\/sv\/wp-json\/wp\/v2\/pages\/6848","targetHints":{"allow":["GET"]}}],"collection":[{"href":"https:\/\/taktikon.com\/sv\/wp-json\/wp\/v2\/pages"}],"about":[{"href":"https:\/\/taktikon.com\/sv\/wp-json\/wp\/v2\/types\/page"}],"author":[{"embeddable":true,"href":"https:\/\/taktikon.com\/sv\/wp-json\/wp\/v2\/users\/1"}],"replies":[{"embeddable":true,"href":"https:\/\/taktikon.com\/sv\/wp-json\/wp\/v2\/comments?post=6848"}],"version-history":[{"count":5,"href":"https:\/\/taktikon.com\/sv\/wp-json\/wp\/v2\/pages\/6848\/revisions"}],"predecessor-version":[{"id":6936,"href":"https:\/\/taktikon.com\/sv\/wp-json\/wp\/v2\/pages\/6848\/revisions\/6936"}],"wp:attachment":[{"href":"https:\/\/taktikon.com\/sv\/wp-json\/wp\/v2\/media?parent=6848"}],"curies":[{"name":"wp","href":"https:\/\/api.w.org\/{rel}","templated":true}]}}