{"id":7187,"date":"2025-02-17T15:44:49","date_gmt":"2025-02-17T15:44:49","guid":{"rendered":"https:\/\/taktikon.com\/sales\/"},"modified":"2025-06-10T10:11:49","modified_gmt":"2025-06-10T10:11:49","slug":"sales","status":"publish","type":"page","link":"https:\/\/taktikon.com\/sv\/sales\/","title":{"rendered":"S\u00e4lj"},"content":{"rendered":"<section id=\"section-2-7153\" class=\"oxy-video-background ct-section\" ><div class='oxy-video-container'><video autoplay loop playsinline muted><source src='https:\/\/taktikon.com\/wp-content\/uploads\/2025\/02\/112722-695433093_medium-2.mp4'><\/video><div class='oxy-video-overlay'><\/div><\/div><div class=\"ct-section-inner-wrap\"><div id=\"div_block-3-7153\" class=\"ct-div-block\" ><h1 id=\"headline-4-7153\" class=\"ct-headline hyperion-heading-two\">S\u00e4lj<\/h1><\/div><\/div><\/section><section id=\"section-7-7153\" class=\" ct-section\" ><div class=\"ct-section-inner-wrap\"><div id=\"div_block-8-7153\" class=\"ct-div-block\" ><h2 id=\"headline-9-7153\" class=\"ct-headline\">F\u00f6rs\u00e4ljningstj\u00e4nster f\u00f6r hotell \u2013 Snabba avslut och h\u00f6g konvertering<\/h2><\/div><div id=\"div_block-10-7153\" class=\"ct-div-block\" ><div id=\"_rich_text-11-7153\" class=\"oxy-rich-text\" ><div class=\"c-text__inner\">\n<div class=\"c-text__lead\">\n<div class=\"c-reveal c-reveal--slide-rotate-up is-revealed intersection-state-enter-any intersection-state-enter-full intersection-state-enter-any-bottom intersection-state-enter-full-bottom\" data-fn-animate=\"\" data-fn-animate-init-add=\"is-revealed\" data-fn-animate-enter-any-add=\"is-revealed\" data-fn-animate-initiated=\"true\">\n<div class=\"c-reveal__inner\">\n<div class=\"c-prose max-w-none\">V&aring;r innes&auml;ljsavdelning erbjuder specialiserade f&ouml;rs&auml;ljningstj&auml;nster f&ouml;r hotell med fokus p&aring; att driva snabba aff&auml;rer och maximera konverteringen. Vi hanterar bokningsf&ouml;rfr&aring;gningar, kunddialoger och uppf&ouml;ljningar med ett tydligt m&aring;l &ndash; att snabbt omvandla leads till l&ouml;nsamma aff&auml;rer.<\/div>\n<div class=\"c-prose max-w-none\"><br \/>&nbsp;Genom proaktiv f&ouml;rs&auml;ljning, skarpa erbjudanden och effektiv uppf&ouml;ljning s&auml;kerst&auml;ller vi h&ouml;gre avslutsfrekvens och &ouml;kad l&ouml;nsamhet. Med snabb service och r&auml;tt timing maximerar vi varje aff&auml;rsm&ouml;jlighet och skapar konkreta resultat f&ouml;r din hotellverksamhet.\n<p data-start=\"511\" data-end=\"581\" data-is-last-node=\"\"><span style=\"border: 0px; font-style: inherit; font-variant: inherit; font-stretch: inherit; font-size: inherit; line-height: inherit; font-family: inherit; font-optical-sizing: inherit; font-size-adjust: inherit; font-kerning: inherit; font-feature-settings: inherit; font-variation-settings: inherit; margin: 0px; padding: 0px; vertical-align: baseline; color: black !important;\" data-olk-copy-source=\"MessageBody\">Vill du se snabbare avslut&nbsp;<span class=\"markezim0iwzw\" style=\"border: 0px; font-style: inherit; font-variant: inherit; font-stretch: inherit; font-size: inherit; line-height: inherit; font-family: inherit; font-optical-sizing: inherit; font-size-adjust: inherit; font-kerning: inherit; font-feature-settings: inherit; font-variation-settings: inherit; margin: 0px; padding: 0px; vertical-align: baseline; color: inherit;\" data-markjs=\"true\" data-ogac=\"\" data-ogab=\"\" data-ogsc=\"\" data-ogsb=\"\">och<\/span> h&ouml;gre konvertering? <\/span><a href=\"..\/contact-us\/\">Kontakta oss!<\/a>&nbsp;<\/p>\n<\/div>\n<\/div>\n<\/div>\n<\/div>\n<\/div><\/div><\/div><\/div><\/section><section id=\"section-12-7153\" class=\" ct-section\" style=\"background-image:url(https:\/\/taktikon.com\/wp-content\/uploads\/2024\/09\/light.jpg);background-size: cover;\" ><div class=\"ct-section-inner-wrap\"><div id=\"div_block-13-7153\" class=\"ct-div-block\" ><h2 id=\"headline-14-7153\" class=\"ct-headline\">\u00d6ka int\u00e4kterna med upps\u00f6kande f\u00f6rs\u00e4ljning<\/h2><div id=\"text_block-15-7153\" class=\"ct-text-block\" >Vi driver int\u00e4kts\u00f6kning genom aktiv upps\u00f6kande f\u00f6rs\u00e4ljning inom konferens och avtalslogi. Genom strategisk kundbearbetning identifierar vi l\u00f6nsamma aff\u00e4rsm\u00f6jligheter och fyller hotellets kapacitet effektivt.\n\nMed analyser i CRM-systemet och direktkontakt med f\u00f6retag skapar vi skr\u00e4ddarsydda l\u00f6sningar som matchar deras behov \u00f6ver \u00e5ret. Vi fokuserar p\u00e5 l\u00e5ngsiktiga relationer, r\u00e4tt timing i k\u00f6pcykeln och tydliga f\u00f6rs\u00e4ljningsm\u00e5l f\u00f6r att maximera l\u00f6nsamheten.<\/div><a id=\"link-16-7153\" class=\"ct-link oxel_icon_button__container\" href=\"https:\/\/taktikon.com\/contact-us\/\"    role=\"button\"><div id=\"text_block-17-7153\" class=\"ct-text-block oxel_icon_button_text\" >Kontakta oss f\u00f6r en offert<\/div><\/a><\/div><\/div><\/section><section id=\"section-18-7153\" class=\" ct-section\" ><div class=\"ct-section-inner-wrap\"><div id=\"_dynamic_list-19-7153\" class=\"oxy-dynamic-list\"><div id=\"div_block-20-7153-1\" class=\"ct-div-block\" data-id=\"div_block-20-7153\"><img decoding=\"async\" id=\"image-21-7153-1\" alt=\"\" src=\"https:\/\/taktikon.com\/wp-content\/uploads\/2025\/09\/Team-Taktikon-Ellenor.png\" class=\"ct-image\" srcset-disabled=\"https:\/\/taktikon.com\/wp-content\/uploads\/2025\/09\/Team-Taktikon-Ellenor.png 500w, https:\/\/taktikon.com\/wp-content\/uploads\/2025\/09\/Team-Taktikon-Ellenor-300x210.png 300w\" sizes=\"(max-width: 500px) 100vw, 500px\" data-id=\"image-21-7153\"><h2 id=\"headline-22-7153-1\" class=\"ct-headline\" data-id=\"headline-22-7153\"><span id=\"span-23-7153\" class=\"ct-span\" ><a href='https:\/\/taktikon.com\/sv\/team\/ellenor-kamolova\/'>Ellenor Kamolova<\/a><\/span><br><\/h2><div id=\"text_block-24-7153-1\" class=\"ct-text-block\" data-id=\"text_block-24-7153\"><span id=\"span-25-7153\" class=\"ct-span\" ><\/span><br><\/div><a id=\"link_button-26-7153-1\" class=\"ct-link-button agencyb-red-outline-button\" href=\"https:\/\/taktikon.com\/sv\/team\/ellenor-kamolova\/\" data-id=\"link_button-26-7153\">Read more<br><\/a><\/div><div id=\"div_block-20-7153-2\" class=\"ct-div-block\" data-id=\"div_block-20-7153\"><img decoding=\"async\" id=\"image-21-7153-2\" alt=\"\" src=\"https:\/\/taktikon.com\/wp-content\/uploads\/2025\/02\/Team-Taktikon-20.png\" class=\"ct-image\" srcset-disabled=\"https:\/\/taktikon.com\/wp-content\/uploads\/2025\/02\/Team-Taktikon-20.png 500w, https:\/\/taktikon.com\/wp-content\/uploads\/2025\/02\/Team-Taktikon-20-300x210.png 300w\" sizes=\"(max-width: 500px) 100vw, 500px\" data-id=\"image-21-7153\"><h2 id=\"headline-22-7153-2\" class=\"ct-headline\" data-id=\"headline-22-7153\"><span id=\"span-23-7153\" class=\"ct-span\" ><a href='https:\/\/taktikon.com\/sv\/team\/heidi-blom\/'>Heidi Blom<\/a><\/span><br><\/h2><div id=\"text_block-24-7153-2\" class=\"ct-text-block\" data-id=\"text_block-24-7153\"><span id=\"span-25-7153\" class=\"ct-span\" ><\/span><br><\/div><a id=\"link_button-26-7153-2\" class=\"ct-link-button agencyb-red-outline-button\" href=\"https:\/\/taktikon.com\/sv\/team\/heidi-blom\/\" data-id=\"link_button-26-7153\">Read more<br><\/a><\/div><div id=\"div_block-20-7153-3\" class=\"ct-div-block\" data-id=\"div_block-20-7153\"><img decoding=\"async\" id=\"image-21-7153-3\" alt=\"\" src=\"https:\/\/taktikon.com\/wp-content\/uploads\/2025\/01\/Team-Taktikon-14.png\" class=\"ct-image\" srcset-disabled=\"https:\/\/taktikon.com\/wp-content\/uploads\/2025\/01\/Team-Taktikon-14.png 500w, https:\/\/taktikon.com\/wp-content\/uploads\/2025\/01\/Team-Taktikon-14-300x210.png 300w\" sizes=\"(max-width: 500px) 100vw, 500px\" data-id=\"image-21-7153\"><h2 id=\"headline-22-7153-3\" class=\"ct-headline\" data-id=\"headline-22-7153\"><span id=\"span-23-7153\" class=\"ct-span\" ><a href='https:\/\/taktikon.com\/sv\/team\/petra-englund\/'>Petra Englund<\/a><\/span><br><\/h2><div id=\"text_block-24-7153-3\" class=\"ct-text-block\" data-id=\"text_block-24-7153\"><span id=\"span-25-7153\" class=\"ct-span\" ><\/span><br><\/div><a id=\"link_button-26-7153-3\" class=\"ct-link-button agencyb-red-outline-button\" href=\"https:\/\/taktikon.com\/sv\/team\/petra-englund\/\" data-id=\"link_button-26-7153\">Read more<br><\/a><\/div>                    \n                                            \n                                        \n                    <\/div>\n<\/div><\/section><section id=\"section-119-7153\" class=\" ct-section\" style=\"background-image:linear-gradient(rgba(255,255,255,0.5), rgba(255,255,255,0.5)), url(https:\/\/taktikon.com\/wp-content\/uploads\/2024\/07\/Camera.jpg);background-size:auto,  cover;\" ><div class=\"ct-section-inner-wrap\"><h2 id=\"headline-120-7153\" class=\"ct-headline atomic-secondary-heading\">Vill du \u00f6ka dina f\u00f6retagsint\u00e4kter?<\/h2><div id=\"text_block-121-7153\" class=\"ct-text-block atomic-subheading\" >Tveka inte att kontakta oss&nbsp;<br><\/div><a id=\"link_button-122-7153\" class=\"ct-link-button agencyb-red-outline-button\" href=\"https:\/\/taktikon.com\/contact-us\/\"   >Kontakta oss f\u00f6r en offert<br><\/a><\/div><\/section>","protected":false},"excerpt":{"rendered":"","protected":false},"author":6,"featured_media":6642,"parent":0,"menu_order":0,"comment_status":"closed","ping_status":"closed","template":"","meta":{"_acf_changed":false,"advgb_blocks_editor_width":"","advgb_blocks_columns_visual_guide":"","footnotes":""},"class_list":["post-7187","page","type-page","status-publish","has-post-thumbnail","hentry"],"acf":[],"coauthors":[],"author_meta":{"author_link":"https:\/\/taktikon.com\/sv\/author\/johanna-ahlin\/","display_name":"Johanna Ahlin"},"relative_dates":{"created":"Publicerad 1 \u00e5r sedan","modified":"Uppdaterad 10 m\u00e5nader sedan"},"absolute_dates":{"created":"Publicerat den februari 17, 2025","modified":"Uppdaterad den juni 10, 2025"},"absolute_dates_time":{"created":"Publicerat den februari 17, 2025 3:44 e m","modified":"Uppdaterad den juni 10, 2025 10:11 f m"},"featured_img_caption":"","featured_img":"https:\/\/taktikon.com\/wp-content\/uploads\/2024\/09\/light.jpg","series_order":"","_links":{"self":[{"href":"https:\/\/taktikon.com\/sv\/wp-json\/wp\/v2\/pages\/7187","targetHints":{"allow":["GET"]}}],"collection":[{"href":"https:\/\/taktikon.com\/sv\/wp-json\/wp\/v2\/pages"}],"about":[{"href":"https:\/\/taktikon.com\/sv\/wp-json\/wp\/v2\/types\/page"}],"author":[{"embeddable":true,"href":"https:\/\/taktikon.com\/sv\/wp-json\/wp\/v2\/users\/6"}],"replies":[{"embeddable":true,"href":"https:\/\/taktikon.com\/sv\/wp-json\/wp\/v2\/comments?post=7187"}],"version-history":[{"count":8,"href":"https:\/\/taktikon.com\/sv\/wp-json\/wp\/v2\/pages\/7187\/revisions"}],"predecessor-version":[{"id":7292,"href":"https:\/\/taktikon.com\/sv\/wp-json\/wp\/v2\/pages\/7187\/revisions\/7292"}],"wp:featuredmedia":[{"embeddable":true,"href":"https:\/\/taktikon.com\/sv\/wp-json\/wp\/v2\/media\/6642"}],"wp:attachment":[{"href":"https:\/\/taktikon.com\/sv\/wp-json\/wp\/v2\/media?parent=7187"}],"curies":[{"name":"wp","href":"https:\/\/api.w.org\/{rel}","templated":true}]}}