{"id":7941,"date":"2026-04-07T10:20:13","date_gmt":"2026-04-07T08:20:13","guid":{"rendered":"https:\/\/taktikon.com\/sustainability-profitability\/"},"modified":"2026-04-07T15:27:24","modified_gmt":"2026-04-07T13:27:24","slug":"sustainability-profitability","status":"publish","type":"page","link":"https:\/\/taktikon.com\/sv\/sustainability-profitability\/","title":{"rendered":"Sustainability &amp; Profitability"},"content":{"rendered":"<section id=\"section-279-47\" class=\" ct-section\" style=\"background-image:url(https:\/\/taktikon.com\/wp-content\/uploads\/2024\/09\/head.jpg);background-size: cover;\" ><div class=\"ct-section-inner-wrap\"><div id=\"div_block-285-47\" class=\"ct-div-block\" ><h1 id=\"headline-13-47\" class=\"ct-headline hyperion-heading-two\">H\u00e5llbarhet och l\u00f6nsamhet<\/h1><\/div><\/div><\/section><section id=\"section-612-47\" class=\" ct-section\" style=\"background-image:url(https:\/\/taktikon.com\/wp-content\/uploads\/2024\/06\/ceno_textil.jpg);background-size: cover;\" ><div class=\"ct-section-inner-wrap\"><div id=\"div_block-614-47\" class=\"ct-div-block\" ><\/div><h1 id=\"headline-616-47\" class=\"ct-headline\">Taktikon: Leading Revenue Management Consultants for the Hospitality Industry.<\/h1><\/div><\/section><section id=\"section-621-47\" class=\" ct-section\" ><div class=\"ct-section-inner-wrap\"><div id=\"div_block-622-47\" class=\"ct-div-block\" ><h2 id=\"headline-624-47\" class=\"ct-headline\">H\u00e5llbarhet som st\u00e4rker hotellets l\u00f6nsamhet<br><\/h2><\/div><div id=\"div_block-623-47\" class=\"ct-div-block\" ><div id=\"_rich_text-626-47\" class=\"oxy-rich-text\" ><p>Taktikon samarbetar med specialiserade h\u00e5llbarhetsexperter f\u00f6r att leverera strukturerade och praktiska l\u00f6sningar anpassade f\u00f6r hotell.<\/p><p>Taktikon hj\u00e4lper hotell att integrera h\u00e5llbarhet i sin kommersiella strategi, vilket f\u00f6rb\u00e4ttrar b\u00e5de milj\u00f6p\u00e5verkan och l\u00f6nsamhet<\/p><\/div><\/div><\/div><\/section><section id=\"section-598-47\" class=\" ct-section\" style=\"background-image:linear-gradient(rgba(0,0,0,0.23), rgba(0,0,0,0.23)), url(https:\/\/taktikon.com\/wp-content\/uploads\/2024\/07\/feather.jpg);background-size:auto,  cover;\" ><div class=\"ct-section-inner-wrap\"><div id=\"div_block-599-47\" class=\"ct-div-block\" ><h2 id=\"headline-779-49\" class=\"ct-headline\">H\u00e5llbarhet \u00e4r inte bara ett ansvar, det \u00e4r ocks\u00e5 en aff\u00e4rsm\u00f6jlighet<br><\/h2><div id=\"text_block-600-47\" class=\"ct-text-block\" >H\u00e5llbarhetsinitiativ kan minska kostnader, \u00f6ka effektiviteten och st\u00e4rka marknadspositionen. N\u00e4r de kopplas till priss\u00e4ttning, distribution och drift blir h\u00e5llbarhet en drivkraft f\u00f6r l\u00f6nsamhet.<br><\/div><a id=\"link-606-47\" class=\"ct-link oxel_icon_button__container\" href=\"https:\/\/taktikon.com\/sv\/kontakta-oss\/\"    role=\"button\"><div id=\"text_block-608-47\" class=\"ct-text-block oxel_icon_button_text\" >Kontakta Oss<\/div><\/a><\/div><\/div><\/section><section id=\"section-760-49\" class=\" ct-section\" ><div class=\"ct-section-inner-wrap\"><div id=\"div_block-761-49\" class=\"ct-div-block\" ><h2 id=\"headline-762-49\" class=\"ct-headline\">N\u00e4r h\u00e5llbarhet inte \u00e4r kopplad till aff\u00e4rsresultat<br><\/h2><\/div><div id=\"div_block-763-49\" class=\"ct-div-block\" ><div id=\"_rich_text-764-49\" class=\"oxy-rich-text\" ><p>Many hotels approach sustainability as a compliance or certification exercise, without linking it to financial performance. This limits its impact and often reduces internal engagement.<\/p><\/div><\/div><\/div><\/section><section id=\"section-766-49\" class=\" ct-section\" style=\"background-image:linear-gradient(rgba(0,0,0,0.23), rgba(0,0,0,0.23)), url(https:\/\/taktikon.com\/wp-content\/uploads\/2024\/07\/Camera.jpg);background-size:auto,  cover;\" ><div class=\"ct-section-inner-wrap\"><div id=\"div_block-767-49\" class=\"ct-div-block\" ><h2 id=\"headline-768-49\" class=\"ct-headline\">Connecting sustainability with commercial performance<br><\/h2><div id=\"text_block-769-49\" class=\"ct-text-block\" >Taktikon s\u00e4kerst\u00e4ller att h\u00e5llbarhetsinitiativ st\u00f6djer int\u00e4kter, kostnadseffektivitet och l\u00e5ngsiktig positionering \u2013 inte bara rapporteringskrav<br><\/div><a id=\"link-770-49\" class=\"ct-link oxel_icon_button__container\" href=\"https:\/\/taktikon.com\/sv\/request-a-quote\/\"    role=\"button\"><div id=\"text_block-771-49\" class=\"ct-text-block oxel_icon_button_text\" >Kontakta oss f\u00f6r en offert<\/div><\/a><\/div><\/div><\/section><section id=\"section-774-49\" class=\" ct-section\" ><div class=\"ct-section-inner-wrap\"><div id=\"div_block-775-49\" class=\"ct-div-block\" ><h2 id=\"headline-776-49\" class=\"ct-headline\">V\u00e5ra h\u00e5llbarhetstj\u00e4nster inkluderar<br><\/h2><\/div><div id=\"div_block-777-49\" class=\"ct-div-block\" ><div id=\"_rich_text-778-49\" class=\"oxy-rich-text\" ><div class=\"c-text__inner\"><div class=\"c-text__lead\"><div class=\"c-reveal c-reveal--slide-rotate-up is-revealed intersection-state-enter-any intersection-state-enter-full intersection-state-enter-any-bottom intersection-state-enter-full-bottom\" data-fn-animate=\"\" data-fn-animate-init-add=\"is-revealed\" data-fn-animate-enter-any-add=\"is-revealed\" data-fn-animate-initiated=\"true\"><div class=\"c-reveal__inner\"><div class=\"c-prose max-w-none\"><ul><li>Insamling och analys av data f\u00f6r energi, vatten och avfall<\/li><li>CO\u2082-ber\u00e4kningar och analys av klimatp\u00e5verkan<\/li><li>Identifiering av kostnadsbesparande \u00e5tg\u00e4rder<\/li><li>Strukturerad uppf\u00f6ljning och rapportering<\/li><li>Medarbetarengagemang och interna workshops<\/li><li>Framtagning av h\u00e5llbarhetspolicyer och processer<\/li><li>St\u00f6d vid certifiering och efterlevnad av krav<\/li><li>L\u00f6pande r\u00e5dgivning och uppf\u00f6ljning av resultat<\/li><\/ul><\/div><\/div><\/div><\/div><\/div><\/div><\/div><\/div><\/section><section id=\"section-826-7939\" class=\" ct-section\" style=\"background-image:linear-gradient(rgba(0,0,0,0.23), rgba(0,0,0,0.23)), url(https:\/\/taktikon.com\/wp-content\/uploads\/2024\/07\/Camera.jpg);background-size:auto,  cover;\" ><div class=\"ct-section-inner-wrap\"><div id=\"div_block-827-7939\" class=\"ct-div-block\" ><h2 id=\"headline-828-7939\" class=\"ct-headline\">Fr\u00e5n regelefterlevnad till aff\u00e4rsresultat<br><\/h2><div id=\"text_block-829-7939\" class=\"ct-text-block\" >\u2022 Minskade operativa kostnader<br>\u2022 \u00d6kad resurseffektivitet<br>\u2022 Starkare positionering gentemot g\u00e4ster och partners<br>\u2022 Strukturerat h\u00e5llbarhetsarbete<br>\u2022 \u00d6kat internt engagemang<br>\u2022 St\u00f6d i certifieringsprocesser<br><\/div><a id=\"link-830-7939\" class=\"ct-link oxel_icon_button__container\" href=\"https:\/\/taktikon.com\/sv\/request-a-quote\/\"    role=\"button\"><div id=\"text_block-831-7939\" class=\"ct-text-block oxel_icon_button_text\" >Kontakta oss f\u00f6r en offert<br><\/div><\/a><\/div><\/div><\/section><section id=\"section-833-7939\" class=\" ct-section\" ><div class=\"ct-section-inner-wrap\"><div id=\"div_block-834-7939\" class=\"ct-div-block\" ><h2 id=\"headline-835-7939\" class=\"ct-headline\">S\u00e5 arbetar vi<br><\/h2><\/div><div id=\"div_block-836-7939\" class=\"ct-div-block\" ><div id=\"_rich_text-837-7939\" class=\"oxy-rich-text\" ><div class=\"c-text__inner\"><div class=\"c-text__lead\"><div class=\"c-reveal c-reveal--slide-rotate-up is-revealed intersection-state-enter-any intersection-state-enter-full intersection-state-enter-any-bottom intersection-state-enter-full-bottom\" data-fn-animate=\"\" data-fn-animate-init-add=\"is-revealed\" data-fn-animate-enter-any-add=\"is-revealed\" data-fn-animate-initiated=\"true\"><div class=\"c-reveal__inner\"><div class=\"c-prose max-w-none\"><p>1\ufe0f\u20e3 Analysera nuvarande h\u00e5llbarhetsprestanda<br \/>2\ufe0f\u20e3 Identifiera f\u00f6rb\u00e4ttringsomr\u00e5den<br \/>3\ufe0f\u20e3 Koppla till den kommersiella strategin<br \/>4\ufe0f\u20e3 Implementera och f\u00f6lja upp<\/p><\/div><\/div><\/div><\/div><\/div><\/div><\/div><\/div><\/section><section id=\"section-839-7939\" class=\" ct-section\" style=\"background-image:linear-gradient(rgba(0,0,0,0.23), rgba(0,0,0,0.23)), url(https:\/\/taktikon.com\/wp-content\/uploads\/2024\/07\/Camera.jpg);background-size:auto,  cover;\" ><div class=\"ct-section-inner-wrap\"><div id=\"div_block-840-7939\" class=\"ct-div-block\" ><h2 id=\"headline-841-7939\" class=\"ct-headline\">H\u00e5llbarhet med ett kommersiellt perspektiv<br><\/h2><div id=\"text_block-842-7939\" class=\"ct-text-block\" >Tillsammans med v\u00e5ra partners kombinerar vi h\u00e5llbarhetsexpertis med Taktikons kommersiella arbetss\u00e4tt, vilket s\u00e4kerst\u00e4ller att insatser skapar b\u00e5de milj\u00f6m\u00e4ssigt och ekonomiskt v\u00e4rde.<br><\/div><a id=\"link-843-7939\" class=\"ct-link oxel_icon_button__container\" href=\"https:\/\/taktikon.com\/sv\/request-a-quote\/\"    role=\"button\"><div id=\"text_block-844-7939\" class=\"ct-text-block oxel_icon_button_text\" >Kontakta oss f\u00f6r en offert<br><\/div><\/a><\/div><\/div><\/section><section id=\"section-846-7939\" class=\" ct-section\" ><div class=\"ct-section-inner-wrap\"><div id=\"new_columns-847-7939\" class=\"ct-new-columns\" ><div id=\"div_block-848-7939\" class=\"ct-div-block\"  data-aos=\"slide-up\" data-aos-duration=\"3\"><h2 id=\"headline-849-7939\" class=\"ct-headline hosting-heading-two\">Turn sustainability into a competitive advantage<br><\/h2><div id=\"text_block-850-7939\" class=\"ct-text-block \" >G\u00f6r h\u00e5llbarhet till en konkurrensf\u00f6rdel<\/div><\/div><div id=\"div_block-851-7939\" class=\"ct-div-block\" ><a id=\"link_button-852-7939\" class=\"ct-link-button agencyb-red-outline-button\" href=\"https:\/\/taktikon.com\/sv\/request-a-quote\/\"   >Diskutera er h\u00e5llbarhetsstrategi<br><\/a><\/div><\/div><\/div><\/section>","protected":false},"excerpt":{"rendered":"","protected":false},"author":1,"featured_media":0,"parent":0,"menu_order":0,"comment_status":"closed","ping_status":"closed","template":"","meta":{"_acf_changed":false,"advgb_blocks_editor_width":"","advgb_blocks_columns_visual_guide":"","footnotes":""},"class_list":["post-7941","page","type-page","status-publish","hentry"],"acf":[],"coauthors":[],"author_meta":{"author_link":"https:\/\/taktikon.com\/sv\/author\/basvt\/","display_name":"basvt"},"relative_dates":{"created":"Publicerad 3 veckor sedan","modified":"Uppdaterad 3 veckor sedan"},"absolute_dates":{"created":"Publicerat den 7 april 2026","modified":"Uppdaterad den 7 april 2026"},"absolute_dates_time":{"created":"Publicerat den 7 april 2026 10:20","modified":"Uppdaterad den 7 april 2026 15:27"},"featured_img_caption":"","featured_img":false,"series_order":"","_links":{"self":[{"href":"https:\/\/taktikon.com\/sv\/wp-json\/wp\/v2\/pages\/7941","targetHints":{"allow":["GET"]}}],"collection":[{"href":"https:\/\/taktikon.com\/sv\/wp-json\/wp\/v2\/pages"}],"about":[{"href":"https:\/\/taktikon.com\/sv\/wp-json\/wp\/v2\/types\/page"}],"author":[{"embeddable":true,"href":"https:\/\/taktikon.com\/sv\/wp-json\/wp\/v2\/users\/1"}],"replies":[{"embeddable":true,"href":"https:\/\/taktikon.com\/sv\/wp-json\/wp\/v2\/comments?post=7941"}],"version-history":[{"count":2,"href":"https:\/\/taktikon.com\/sv\/wp-json\/wp\/v2\/pages\/7941\/revisions"}],"predecessor-version":[{"id":7946,"href":"https:\/\/taktikon.com\/sv\/wp-json\/wp\/v2\/pages\/7941\/revisions\/7946"}],"wp:attachment":[{"href":"https:\/\/taktikon.com\/sv\/wp-json\/wp\/v2\/media?parent=7941"}],"curies":[{"name":"wp","href":"https:\/\/api.w.org\/{rel}","templated":true}]}}